{"id":5988,"date":"2022-01-17T19:43:14","date_gmt":"2022-01-17T17:43:14","guid":{"rendered":"https:\/\/tekstiilipood.ee\/?post_type=product&#038;p=5988"},"modified":"2026-01-27T21:23:08","modified_gmt":"2026-01-27T19:23:08","slug":"voodipesukomplekt-triip-sataan-220x210-2-padjapuuri-50x603-cm-hotel-classic-taupe-beez","status":"publish","type":"product","link":"https:\/\/tekstiilipood.ee\/fi\/tuote\/voodipesukomplekt-triip-sataan-220x210-2-padjapuuri-50x603-cm-hotel-classic-taupe-beez\/","title":{"rendered":"Voodipesukomplekt triip-sat\u00e4\u00e4n 220&#215;205 + 2 padjap\u00fc\u00fcri 50&#215;60+3 cm, HOTEL CLASSIC, taupe-bee\u017e"},"content":{"rendered":"<p>Voodipesukomplekt HOTEL CLASSIC, milles tekikott ja 3 cm raamiga padjap\u00fc\u00fcr 2 tk. 50\u00d760 cm, on valmistatud kvaliteetsest 100% puuvillasest triip-sat\u00e4\u00e4n kangast. Triibu laius on 25 mm. Kangas on pehme, siidise l\u00e4ikega, hingav. Naturaalne materjal on voodipesuks parim \u2013 laseb nahal hingata ja tagab hea une. Toode vastab \u00d6ko-Tex Standard 100 sertifikaadile.<\/p>\n","protected":false},"excerpt":{"rendered":"<p><span class=\"bold\">Voodipesukomplekt HOTEL CLASSIC,<\/span> milles tekikott\u00a0 ja 3 cm raamiga padjap\u00fc\u00fcr 50&#215;60 cm, on valmistatud kvaliteetsest 100% puuvillasest triip-sat\u00e4\u00e4n kangast. Triibu laius on 25 mm. Kangas on pehme, siidise l\u00e4ikega, hingav. Naturaalne materjal on voodipesuks parim &#8211; laseb nahal hingata ja tagab hea une. Toode vastab \u00d6ko-Tex Standard 100 sertifikaadile &#8211; usaldusv\u00e4\u00e4rne tekstiil<\/p>\n","protected":false},"featured_media":5647,"template":"","meta":{"_gspb_post_css":""},"product_brand":[],"product_cat":[205,287],"product_tag":[],"tootekatekooria":[],"class_list":{"0":"post-5988","1":"product","2":"type-product","3":"status-publish","4":"has-post-thumbnail","6":"product_cat-makuuhuoneeseen","7":"product_cat-vuodevaate","8":"product_shipping_class-1-4-paivaa","10":"first","11":"instock","12":"taxable","13":"shipping-taxable","14":"purchasable","15":"product-type-simple"},"_links":{"self":[{"href":"https:\/\/tekstiilipood.ee\/fi\/wp-json\/wp\/v2\/product\/5988","targetHints":{"allow":["GET"]}}],"collection":[{"href":"https:\/\/tekstiilipood.ee\/fi\/wp-json\/wp\/v2\/product"}],"about":[{"href":"https:\/\/tekstiilipood.ee\/fi\/wp-json\/wp\/v2\/types\/product"}],"wp:featuredmedia":[{"embeddable":true,"href":"https:\/\/tekstiilipood.ee\/fi\/wp-json\/wp\/v2\/media\/5647"}],"wp:attachment":[{"href":"https:\/\/tekstiilipood.ee\/fi\/wp-json\/wp\/v2\/media?parent=5988"}],"wp:term":[{"taxonomy":"product_brand","embeddable":true,"href":"https:\/\/tekstiilipood.ee\/fi\/wp-json\/wp\/v2\/product_brand?post=5988"},{"taxonomy":"product_cat","embeddable":true,"href":"https:\/\/tekstiilipood.ee\/fi\/wp-json\/wp\/v2\/product_cat?post=5988"},{"taxonomy":"product_tag","embeddable":true,"href":"https:\/\/tekstiilipood.ee\/fi\/wp-json\/wp\/v2\/product_tag?post=5988"},{"taxonomy":"tootekatekooria","embeddable":true,"href":"https:\/\/tekstiilipood.ee\/fi\/wp-json\/wp\/v2\/tootekatekooria?post=5988"}],"curies":[{"name":"wp","href":"https:\/\/api.w.org\/{rel}","templated":true}]}}