{"id":5917,"date":"2021-05-20T21:16:10","date_gmt":"2021-05-20T18:16:10","guid":{"rendered":"https:\/\/tekstiilipood.ee\/product\/vuodevaatesetti-150x210-tyynyliina-50x60-cm-marino\/"},"modified":"2025-07-01T10:06:39","modified_gmt":"2025-07-01T07:06:39","slug":"vuodevaatesetti-150x210-tyynyliina-50x60-cm-marino","status":"publish","type":"product","link":"https:\/\/tekstiilipood.ee\/fi\/tuote\/vuodevaatesetti-150x210-tyynyliina-50x60-cm-marino\/","title":{"rendered":"Vuodevaatesetti 150&#215;210, tyynyliina: 50&#215;60 cm, Marino"},"content":{"rendered":"","protected":false},"excerpt":{"rendered":"<p>100 % puuvillasta valmistetut liinavaatteet, 1 pussilakana 150&#215;210 ja 1 tyynyliina 50&#215;60 cm. Luonnonkangas sopii parhaiten vuodevaatteille, p\u00e4\u00e4st\u00e4\u00e4 ilmaa l\u00e4pi, imee kosteutta ja varmistaa hyv\u00e4n unen. Kangas t\u00e4ytt\u00e4\u00e4 \u00d6ko-Tex Standard 100 &#8211; luotettavan tekstiilin vaatimukset. <\/p>\n","protected":false},"featured_media":5418,"template":"","meta":{"_gspb_post_css":""},"product_brand":[],"product_cat":[205],"product_tag":[],"tootekatekooria":[],"class_list":{"0":"post-5917","1":"product","2":"type-product","3":"status-publish","4":"has-post-thumbnail","6":"product_cat-makuuhuoneeseen","7":"product_shipping_class-1-4-paivaa","9":"first","10":"outofstock","11":"taxable","12":"shipping-taxable","13":"purchasable","14":"product-type-simple"},"_links":{"self":[{"href":"https:\/\/tekstiilipood.ee\/fi\/wp-json\/wp\/v2\/product\/5917","targetHints":{"allow":["GET"]}}],"collection":[{"href":"https:\/\/tekstiilipood.ee\/fi\/wp-json\/wp\/v2\/product"}],"about":[{"href":"https:\/\/tekstiilipood.ee\/fi\/wp-json\/wp\/v2\/types\/product"}],"wp:featuredmedia":[{"embeddable":true,"href":"https:\/\/tekstiilipood.ee\/fi\/wp-json\/wp\/v2\/media\/5418"}],"wp:attachment":[{"href":"https:\/\/tekstiilipood.ee\/fi\/wp-json\/wp\/v2\/media?parent=5917"}],"wp:term":[{"taxonomy":"product_brand","embeddable":true,"href":"https:\/\/tekstiilipood.ee\/fi\/wp-json\/wp\/v2\/product_brand?post=5917"},{"taxonomy":"product_cat","embeddable":true,"href":"https:\/\/tekstiilipood.ee\/fi\/wp-json\/wp\/v2\/product_cat?post=5917"},{"taxonomy":"product_tag","embeddable":true,"href":"https:\/\/tekstiilipood.ee\/fi\/wp-json\/wp\/v2\/product_tag?post=5917"},{"taxonomy":"tootekatekooria","embeddable":true,"href":"https:\/\/tekstiilipood.ee\/fi\/wp-json\/wp\/v2\/tootekatekooria?post=5917"}],"curies":[{"name":"wp","href":"https:\/\/api.w.org\/{rel}","templated":true}]}}