{"id":5910,"date":"2021-05-21T10:21:21","date_gmt":"2021-05-21T07:21:21","guid":{"rendered":"https:\/\/tekstiilipood.ee\/product\/vuodevaatesetti-200x210-2x50x60cm-myra-100-puuvillaa\/"},"modified":"2025-07-01T10:06:37","modified_gmt":"2025-07-01T07:06:37","slug":"vuodevaatesetti-200x210-2x50x60cm-myra-100-puuvillaa","status":"publish","type":"product","link":"https:\/\/tekstiilipood.ee\/fi\/tuote\/vuodevaatesetti-200x210-2x50x60cm-myra-100-puuvillaa\/","title":{"rendered":"vuodevaatesetti 200&#215;210 2x50x60cm, MYRA, 100% puuvillaa"},"content":{"rendered":"","protected":false},"excerpt":{"rendered":"<p>100 % puuvillasta valmistetut liinavaatteet, 1 pussilakana 200&#215;210 cm ja 2 tyynyliinaa 50&#215;60 cm. Luonnonkangas sopii parhaiten vuodevaatteille, p\u00e4\u00e4st\u00e4\u00e4 ilmaa l\u00e4pi, imee kosteutta ja varmistaa hyv\u00e4n unen. Kangas t\u00e4ytt\u00e4\u00e4 \u00d6ko-Tex Standard 100 &#8211; luotettavan tekstiilin vaatimukset. <\/p>\n","protected":false},"featured_media":5437,"template":"","meta":{"_gspb_post_css":""},"product_brand":[],"product_cat":[205,287],"product_tag":[],"tootekatekooria":[],"class_list":{"0":"post-5910","1":"product","2":"type-product","3":"status-publish","4":"has-post-thumbnail","6":"product_cat-makuuhuoneeseen","7":"product_cat-vuodevaate","8":"product_shipping_class-1-4-paivaa","10":"first","11":"outofstock","12":"taxable","13":"shipping-taxable","14":"purchasable","15":"product-type-simple"},"_links":{"self":[{"href":"https:\/\/tekstiilipood.ee\/fi\/wp-json\/wp\/v2\/product\/5910","targetHints":{"allow":["GET"]}}],"collection":[{"href":"https:\/\/tekstiilipood.ee\/fi\/wp-json\/wp\/v2\/product"}],"about":[{"href":"https:\/\/tekstiilipood.ee\/fi\/wp-json\/wp\/v2\/types\/product"}],"wp:featuredmedia":[{"embeddable":true,"href":"https:\/\/tekstiilipood.ee\/fi\/wp-json\/wp\/v2\/media\/5437"}],"wp:attachment":[{"href":"https:\/\/tekstiilipood.ee\/fi\/wp-json\/wp\/v2\/media?parent=5910"}],"wp:term":[{"taxonomy":"product_brand","embeddable":true,"href":"https:\/\/tekstiilipood.ee\/fi\/wp-json\/wp\/v2\/product_brand?post=5910"},{"taxonomy":"product_cat","embeddable":true,"href":"https:\/\/tekstiilipood.ee\/fi\/wp-json\/wp\/v2\/product_cat?post=5910"},{"taxonomy":"product_tag","embeddable":true,"href":"https:\/\/tekstiilipood.ee\/fi\/wp-json\/wp\/v2\/product_tag?post=5910"},{"taxonomy":"tootekatekooria","embeddable":true,"href":"https:\/\/tekstiilipood.ee\/fi\/wp-json\/wp\/v2\/tootekatekooria?post=5910"}],"curies":[{"name":"wp","href":"https:\/\/api.w.org\/{rel}","templated":true}]}}