{"id":5909,"date":"2021-05-21T10:26:39","date_gmt":"2021-05-21T07:26:39","guid":{"rendered":"https:\/\/tekstiilipood.ee\/product\/vuodevaatesetti-200x210-2x50x60-cm-gloal-mintunvihrea-100-puuvillasta\/"},"modified":"2025-07-01T10:06:37","modified_gmt":"2025-07-01T07:06:37","slug":"vuodevaatesetti-200x210-2x50x60-cm-gloal-mintunvihrea-100-puuvillasta","status":"publish","type":"product","link":"https:\/\/tekstiilipood.ee\/fi\/tuote\/vuodevaatesetti-200x210-2x50x60-cm-gloal-mintunvihrea-100-puuvillasta\/","title":{"rendered":"Vuodevaatesetti 200&#215;210 2x50x60 cm GLOAL mintunvihre\u00e4 100% puuvillasta"},"content":{"rendered":"","protected":false},"excerpt":{"rendered":"<p>100 % puuvillasta valmistetut liinavaatteet, 1 pussilakana 200&#215;210 cm ja 2 tyynyliinaa 50&#215;60 cm. Luonnonkangas sopii parhaiten vuodevaatteille, p\u00e4\u00e4st\u00e4\u00e4 ilmaa l\u00e4pi, imee kosteutta ja varmistaa hyv\u00e4n unen. Kangas t\u00e4ytt\u00e4\u00e4 \u00d6ko-Tex Standard 100 &#8211; luotettavan tekstiilin vaatimukset. <\/p>\n","protected":false},"featured_media":5442,"template":"","meta":{"_gspb_post_css":""},"product_brand":[],"product_cat":[385,205],"product_tag":[],"tootekatekooria":[],"class_list":{"0":"post-5909","1":"product","2":"type-product","3":"status-publish","4":"has-post-thumbnail","6":"product_cat-100-puuvilla-setti","7":"product_cat-makuuhuoneeseen","8":"product_shipping_class-1-4-paivaa","10":"first","11":"outofstock","12":"taxable","13":"shipping-taxable","14":"purchasable","15":"product-type-simple"},"_links":{"self":[{"href":"https:\/\/tekstiilipood.ee\/fi\/wp-json\/wp\/v2\/product\/5909","targetHints":{"allow":["GET"]}}],"collection":[{"href":"https:\/\/tekstiilipood.ee\/fi\/wp-json\/wp\/v2\/product"}],"about":[{"href":"https:\/\/tekstiilipood.ee\/fi\/wp-json\/wp\/v2\/types\/product"}],"wp:featuredmedia":[{"embeddable":true,"href":"https:\/\/tekstiilipood.ee\/fi\/wp-json\/wp\/v2\/media\/5442"}],"wp:attachment":[{"href":"https:\/\/tekstiilipood.ee\/fi\/wp-json\/wp\/v2\/media?parent=5909"}],"wp:term":[{"taxonomy":"product_brand","embeddable":true,"href":"https:\/\/tekstiilipood.ee\/fi\/wp-json\/wp\/v2\/product_brand?post=5909"},{"taxonomy":"product_cat","embeddable":true,"href":"https:\/\/tekstiilipood.ee\/fi\/wp-json\/wp\/v2\/product_cat?post=5909"},{"taxonomy":"product_tag","embeddable":true,"href":"https:\/\/tekstiilipood.ee\/fi\/wp-json\/wp\/v2\/product_tag?post=5909"},{"taxonomy":"tootekatekooria","embeddable":true,"href":"https:\/\/tekstiilipood.ee\/fi\/wp-json\/wp\/v2\/tootekatekooria?post=5909"}],"curies":[{"name":"wp","href":"https:\/\/api.w.org\/{rel}","templated":true}]}}