{"id":5901,"date":"2021-05-24T22:15:53","date_gmt":"2021-05-24T19:15:53","guid":{"rendered":"https:\/\/tekstiilipood.ee\/product\/vuodevaatesetti-200x210-2x50x60cm-tempera-vihrea-100puuvillaa\/"},"modified":"2025-07-01T10:06:36","modified_gmt":"2025-07-01T07:06:36","slug":"vuodevaatesetti-200x210-2x50x60cm-tempera-vihrea-100puuvillaa","status":"publish","type":"product","link":"https:\/\/tekstiilipood.ee\/fi\/tuote\/vuodevaatesetti-200x210-2x50x60cm-tempera-vihrea-100puuvillaa\/","title":{"rendered":"vuodevaatesetti 200&#215;210, 2x50x60cm TEMPERA vihre\u00e4 100%puuvillaa"},"content":{"rendered":"","protected":false},"excerpt":{"rendered":"<p>100 % puuvillasta valmistetut liinavaatteet, 1 pussilakana 200&#215;210 cm ja 2 tyynyliinaa 50&#215;60 cm. Luonnonkangas sopii parhaiten vuodevaatteille, p\u00e4\u00e4st\u00e4\u00e4 ilmaa l\u00e4pi, imee kosteutta ja varmistaa hyv\u00e4n unen. Kangas t\u00e4ytt\u00e4\u00e4 \u00d6ko-Tex Standard 100 &#8211; luotettavan tekstiilin vaatimukset. <\/p>\n","protected":false},"featured_media":5472,"template":"","meta":{"_gspb_post_css":""},"product_brand":[],"product_cat":[205],"product_tag":[],"tootekatekooria":[],"class_list":{"0":"post-5901","1":"product","2":"type-product","3":"status-publish","4":"has-post-thumbnail","6":"product_cat-makuuhuoneeseen","7":"product_shipping_class-1-4-paivaa","9":"first","10":"instock","11":"taxable","12":"shipping-taxable","13":"purchasable","14":"product-type-simple"},"_links":{"self":[{"href":"https:\/\/tekstiilipood.ee\/fi\/wp-json\/wp\/v2\/product\/5901","targetHints":{"allow":["GET"]}}],"collection":[{"href":"https:\/\/tekstiilipood.ee\/fi\/wp-json\/wp\/v2\/product"}],"about":[{"href":"https:\/\/tekstiilipood.ee\/fi\/wp-json\/wp\/v2\/types\/product"}],"wp:featuredmedia":[{"embeddable":true,"href":"https:\/\/tekstiilipood.ee\/fi\/wp-json\/wp\/v2\/media\/5472"}],"wp:attachment":[{"href":"https:\/\/tekstiilipood.ee\/fi\/wp-json\/wp\/v2\/media?parent=5901"}],"wp:term":[{"taxonomy":"product_brand","embeddable":true,"href":"https:\/\/tekstiilipood.ee\/fi\/wp-json\/wp\/v2\/product_brand?post=5901"},{"taxonomy":"product_cat","embeddable":true,"href":"https:\/\/tekstiilipood.ee\/fi\/wp-json\/wp\/v2\/product_cat?post=5901"},{"taxonomy":"product_tag","embeddable":true,"href":"https:\/\/tekstiilipood.ee\/fi\/wp-json\/wp\/v2\/product_tag?post=5901"},{"taxonomy":"tootekatekooria","embeddable":true,"href":"https:\/\/tekstiilipood.ee\/fi\/wp-json\/wp\/v2\/tootekatekooria?post=5901"}],"curies":[{"name":"wp","href":"https:\/\/api.w.org\/{rel}","templated":true}]}}