{"id":5897,"date":"2021-05-24T22:34:01","date_gmt":"2021-05-24T19:34:01","guid":{"rendered":"https:\/\/tekstiilipood.ee\/product\/vuodevaatesetti-220x2102x50x60cm-satiini-tyylikkaan-harmaa\/"},"modified":"2025-07-01T10:06:35","modified_gmt":"2025-07-01T07:06:35","slug":"vuodevaatesetti-220x2102x50x60cm-satiini-tyylikkaan-harmaa","status":"publish","type":"product","link":"https:\/\/tekstiilipood.ee\/fi\/tuote\/vuodevaatesetti-220x2102x50x60cm-satiini-tyylikkaan-harmaa\/","title":{"rendered":"Vuodevaatesetti 220&#215;210+2x50x60cm satiini, Tyylikk\u00e4\u00e4n harmaa"},"content":{"rendered":"","protected":false},"excerpt":{"rendered":"<p>Vuodevaate setti on valmistettu korkealaatuisesta 100% puuvillakankaasta. Settiin kuuluu pussipussi 220&#215;210 cm ja 2 tyynyliinaa 50&#215;60 cm. Tyynyliinoilla on sama malli kuin pussilakanalla. Kangas on pehme\u00e4\u00e4 ja hengitt\u00e4v\u00e4\u00e4. Luonnonmateriaali sopii parhaiten vuodevaatteille &#8211; se antaa ihon hengitt\u00e4\u00e4 ja varmistaa hyv\u00e4t y\u00f6unet. Tuote t\u00e4ytt\u00e4\u00e4 \u00d6ko-Tex Standard 100 -sertifikaatin, <\/p>\n","protected":false},"featured_media":5477,"template":"","meta":{"_gspb_post_css":""},"product_brand":[],"product_cat":[205,286],"product_tag":[],"tootekatekooria":[],"class_list":{"0":"post-5897","1":"product","2":"type-product","3":"status-publish","4":"has-post-thumbnail","6":"product_cat-makuuhuoneeseen","7":"product_cat-pussilakanat","8":"product_shipping_class-1-4-paivaa","10":"first","11":"outofstock","12":"taxable","13":"shipping-taxable","14":"purchasable","15":"product-type-simple"},"_links":{"self":[{"href":"https:\/\/tekstiilipood.ee\/fi\/wp-json\/wp\/v2\/product\/5897","targetHints":{"allow":["GET"]}}],"collection":[{"href":"https:\/\/tekstiilipood.ee\/fi\/wp-json\/wp\/v2\/product"}],"about":[{"href":"https:\/\/tekstiilipood.ee\/fi\/wp-json\/wp\/v2\/types\/product"}],"wp:featuredmedia":[{"embeddable":true,"href":"https:\/\/tekstiilipood.ee\/fi\/wp-json\/wp\/v2\/media\/5477"}],"wp:attachment":[{"href":"https:\/\/tekstiilipood.ee\/fi\/wp-json\/wp\/v2\/media?parent=5897"}],"wp:term":[{"taxonomy":"product_brand","embeddable":true,"href":"https:\/\/tekstiilipood.ee\/fi\/wp-json\/wp\/v2\/product_brand?post=5897"},{"taxonomy":"product_cat","embeddable":true,"href":"https:\/\/tekstiilipood.ee\/fi\/wp-json\/wp\/v2\/product_cat?post=5897"},{"taxonomy":"product_tag","embeddable":true,"href":"https:\/\/tekstiilipood.ee\/fi\/wp-json\/wp\/v2\/product_tag?post=5897"},{"taxonomy":"tootekatekooria","embeddable":true,"href":"https:\/\/tekstiilipood.ee\/fi\/wp-json\/wp\/v2\/tootekatekooria?post=5897"}],"curies":[{"name":"wp","href":"https:\/\/api.w.org\/{rel}","templated":true}]}}