{"id":5890,"date":"2021-08-26T16:11:02","date_gmt":"2021-08-26T13:11:02","guid":{"rendered":"https:\/\/tekstiilipood.ee\/product\/pussilakana-raidallinen-satiini-240x210-hotel-classic-optilisen-valkoinen\/"},"modified":"2025-07-01T10:06:33","modified_gmt":"2025-07-01T07:06:33","slug":"pussilakana-raidallinen-satiini-240x210-hotel-classic-optilisen-valkoinen","status":"publish","type":"product","link":"https:\/\/tekstiilipood.ee\/fi\/tuote\/pussilakana-raidallinen-satiini-240x210-hotel-classic-optilisen-valkoinen\/","title":{"rendered":"pussilakana raidallinen satiini 240&#215;210, HOTEL CLASSIC, optilisen valkoinen"},"content":{"rendered":"","protected":false},"excerpt":{"rendered":"<p>HOTEL CLASSIC pussilakana on valmistettu korkealaatuisesta 100 % puuvillasta raidallisesta satiinikankaasta. Kangas on pehme\u00e4, silkkinen ja hengitt\u00e4v\u00e4. Luonnonmateriaali sopii parhaiten vuodevaatteille &#8211; se antaa ihon hengitt\u00e4\u00e4 ja varmistaa hyv\u00e4t y\u00f6unet. Tuote t\u00e4ytt\u00e4\u00e4 \u00d6ko-Tex Standard 100 -sertifikaatin. Valikoima sis\u00e4lt\u00e4\u00e4 pussilakanat kahdessa koossa 150&#215;210 cm ja 220&#215;210 cm, lis\u00e4ksi kaksi tyynyliinaa 50&#215;60 cm ja 60&#215;80 cm. <\/p>\n","protected":false},"featured_media":8856,"template":"","meta":{"_gspb_post_css":""},"product_brand":[],"product_cat":[205,286],"product_tag":[],"tootekatekooria":[],"class_list":{"0":"post-5890","1":"product","2":"type-product","3":"status-publish","4":"has-post-thumbnail","6":"product_cat-makuuhuoneeseen","7":"product_cat-pussilakanat","8":"product_shipping_class-1-4-paivaa","10":"first","11":"instock","12":"taxable","13":"shipping-taxable","14":"purchasable","15":"product-type-simple"},"_links":{"self":[{"href":"https:\/\/tekstiilipood.ee\/fi\/wp-json\/wp\/v2\/product\/5890","targetHints":{"allow":["GET"]}}],"collection":[{"href":"https:\/\/tekstiilipood.ee\/fi\/wp-json\/wp\/v2\/product"}],"about":[{"href":"https:\/\/tekstiilipood.ee\/fi\/wp-json\/wp\/v2\/types\/product"}],"wp:featuredmedia":[{"embeddable":true,"href":"https:\/\/tekstiilipood.ee\/fi\/wp-json\/wp\/v2\/media\/8856"}],"wp:attachment":[{"href":"https:\/\/tekstiilipood.ee\/fi\/wp-json\/wp\/v2\/media?parent=5890"}],"wp:term":[{"taxonomy":"product_brand","embeddable":true,"href":"https:\/\/tekstiilipood.ee\/fi\/wp-json\/wp\/v2\/product_brand?post=5890"},{"taxonomy":"product_cat","embeddable":true,"href":"https:\/\/tekstiilipood.ee\/fi\/wp-json\/wp\/v2\/product_cat?post=5890"},{"taxonomy":"product_tag","embeddable":true,"href":"https:\/\/tekstiilipood.ee\/fi\/wp-json\/wp\/v2\/product_tag?post=5890"},{"taxonomy":"tootekatekooria","embeddable":true,"href":"https:\/\/tekstiilipood.ee\/fi\/wp-json\/wp\/v2\/tootekatekooria?post=5890"}],"curies":[{"name":"wp","href":"https:\/\/api.w.org\/{rel}","templated":true}]}}