{"id":5885,"date":"2021-08-26T17:22:31","date_gmt":"2021-08-26T14:22:31","guid":{"rendered":"https:\/\/tekstiilipood.ee\/product\/vuodevaatesetti-raidallinen-satiini-150x210-50x60cm-hotel-classic-vaalean-harmaa\/"},"modified":"2025-07-01T10:06:32","modified_gmt":"2025-07-01T07:06:32","slug":"vuodevaatesetti-raidallinen-satiini-150x210-50x60cm-hotel-classic-vaalean-harmaa","status":"publish","type":"product","link":"https:\/\/tekstiilipood.ee\/fi\/tuote\/vuodevaatesetti-raidallinen-satiini-150x210-50x60cm-hotel-classic-vaalean-harmaa\/","title":{"rendered":"vuodevaatesetti raidallinen-satiini 150&#215;210 + 50x60cm \/ HOTEL CLASSIC vaalean harmaa"},"content":{"rendered":"","protected":false},"excerpt":{"rendered":"<div class=\"J0lOec\"><span class=\"VIiyi\" lang=\"fi\"><span class=\"JLqJ4b ChMk0b\" data-language-for-alternatives=\"fi\" data-language-to-translate-into=\"et\" data-phrase-index=\"0\" data-number-of-phrases=\"6\">Vuodevaatteet setti HOTEL CLASSIC, pussilakana 200&#215;210 cm ja tyynyliina rungolla 3 cm 2 kpl.<\/span> <span class=\"JLqJ4b ChMk0b\" data-language-for-alternatives=\"fi\" data-language-to-translate-into=\"et\" data-phrase-index=\"1\" data-number-of-phrases=\"6\">50&#215;60 cm, valmistettu laadukkaasta 100% puuvillasta raidallisesta satiinikankaasta.<\/span> <span class=\"JLqJ4b ChMk0b\" data-language-for-alternatives=\"fi\" data-language-to-translate-into=\"et\" data-phrase-index=\"2\" data-number-of-phrases=\"6\">Nauhan leveys on 25 mm.<\/span> <span class=\"JLqJ4b ChMk0b\" data-language-for-alternatives=\"fi\" data-language-to-translate-into=\"et\" data-phrase-index=\"3\" data-number-of-phrases=\"6\">Kangas on pehme\u00e4, silkkinen ja hengitt\u00e4v\u00e4.<\/span> <span class=\"JLqJ4b ChMk0b\" data-language-for-alternatives=\"fi\" data-language-to-translate-into=\"et\" data-phrase-index=\"4\" data-number-of-phrases=\"6\">Luonnonmateriaali sopii parhaiten vuodevaatteille &#8211; se antaa ihon hengitt\u00e4\u00e4 ja varmistaa hyv\u00e4t y\u00f6unet.<\/span> <span class=\"JLqJ4b ChMk0b\" data-language-for-alternatives=\"fi\" data-language-to-translate-into=\"et\" data-phrase-index=\"5\" data-number-of-phrases=\"6\">Tuote t\u00e4ytt\u00e4\u00e4 \u00d6ko-Tex Standard 100 -sertifikaatin.<\/span><\/span><\/div>\n","protected":false},"featured_media":5650,"template":"","meta":{"_gspb_post_css":""},"product_brand":[],"product_cat":[205,287],"product_tag":[],"tootekatekooria":[],"class_list":{"0":"post-5885","1":"product","2":"type-product","3":"status-publish","4":"has-post-thumbnail","6":"product_cat-makuuhuoneeseen","7":"product_cat-vuodevaate","8":"product_shipping_class-1-4-paivaa","10":"first","11":"outofstock","12":"taxable","13":"shipping-taxable","14":"purchasable","15":"product-type-simple"},"_links":{"self":[{"href":"https:\/\/tekstiilipood.ee\/fi\/wp-json\/wp\/v2\/product\/5885","targetHints":{"allow":["GET"]}}],"collection":[{"href":"https:\/\/tekstiilipood.ee\/fi\/wp-json\/wp\/v2\/product"}],"about":[{"href":"https:\/\/tekstiilipood.ee\/fi\/wp-json\/wp\/v2\/types\/product"}],"wp:featuredmedia":[{"embeddable":true,"href":"https:\/\/tekstiilipood.ee\/fi\/wp-json\/wp\/v2\/media\/5650"}],"wp:attachment":[{"href":"https:\/\/tekstiilipood.ee\/fi\/wp-json\/wp\/v2\/media?parent=5885"}],"wp:term":[{"taxonomy":"product_brand","embeddable":true,"href":"https:\/\/tekstiilipood.ee\/fi\/wp-json\/wp\/v2\/product_brand?post=5885"},{"taxonomy":"product_cat","embeddable":true,"href":"https:\/\/tekstiilipood.ee\/fi\/wp-json\/wp\/v2\/product_cat?post=5885"},{"taxonomy":"product_tag","embeddable":true,"href":"https:\/\/tekstiilipood.ee\/fi\/wp-json\/wp\/v2\/product_tag?post=5885"},{"taxonomy":"tootekatekooria","embeddable":true,"href":"https:\/\/tekstiilipood.ee\/fi\/wp-json\/wp\/v2\/tootekatekooria?post=5885"}],"curies":[{"name":"wp","href":"https:\/\/api.w.org\/{rel}","templated":true}]}}