{"id":5884,"date":"2021-08-26T17:27:45","date_gmt":"2021-08-26T14:27:45","guid":{"rendered":"https:\/\/tekstiilipood.ee\/product\/vuodevaatesetti-raidallinen-satiini-150x210-50x60-cm-hotel-classic-beige\/"},"modified":"2025-07-01T10:06:32","modified_gmt":"2025-07-01T07:06:32","slug":"vuodevaatesetti-raidallinen-satiini-150x210-50x60-cm-hotel-classic-beige","status":"publish","type":"product","link":"https:\/\/tekstiilipood.ee\/fi\/tuote\/vuodevaatesetti-raidallinen-satiini-150x210-50x60-cm-hotel-classic-beige\/","title":{"rendered":"Vuodevaatesetti raidallinen satiini 150&#215;210, 50&#215;60 cm \/ HOTEL CLASSIC beige"},"content":{"rendered":"","protected":false},"excerpt":{"rendered":"<p>Vuodevaatesetti HOTEL CLASSIC, pussilakanalla 150&#215;210 cm ja tyynyliinalla 50&#215;60 cm 3 cm rungolla, valmistettu laadukkaasta 100% puuvillaraidallisesta satiinikankaasta. Nauhan leveys on 25 mm. Kangas on pehme\u00e4, silkkinen ja hengitt\u00e4v\u00e4. Luonnollinen materiaali sopii parhaiten vuodevaatteille &#8211; se antaa ihon hengitt\u00e4\u00e4 ja varmistaa hyv\u00e4t y\u00f6unet. Tuote t\u00e4ytt\u00e4\u00e4 \u00d6ko-Tex Standard 100 -sertifikaatin. <\/p>\n","protected":false},"featured_media":5647,"template":"","meta":{"_gspb_post_css":""},"product_brand":[],"product_cat":[205,287],"product_tag":[],"tootekatekooria":[],"class_list":{"0":"post-5884","1":"product","2":"type-product","3":"status-publish","4":"has-post-thumbnail","6":"product_cat-makuuhuoneeseen","7":"product_cat-vuodevaate","8":"product_shipping_class-1-4-paivaa","10":"first","11":"instock","12":"taxable","13":"shipping-taxable","14":"purchasable","15":"product-type-simple"},"_links":{"self":[{"href":"https:\/\/tekstiilipood.ee\/fi\/wp-json\/wp\/v2\/product\/5884","targetHints":{"allow":["GET"]}}],"collection":[{"href":"https:\/\/tekstiilipood.ee\/fi\/wp-json\/wp\/v2\/product"}],"about":[{"href":"https:\/\/tekstiilipood.ee\/fi\/wp-json\/wp\/v2\/types\/product"}],"wp:featuredmedia":[{"embeddable":true,"href":"https:\/\/tekstiilipood.ee\/fi\/wp-json\/wp\/v2\/media\/5647"}],"wp:attachment":[{"href":"https:\/\/tekstiilipood.ee\/fi\/wp-json\/wp\/v2\/media?parent=5884"}],"wp:term":[{"taxonomy":"product_brand","embeddable":true,"href":"https:\/\/tekstiilipood.ee\/fi\/wp-json\/wp\/v2\/product_brand?post=5884"},{"taxonomy":"product_cat","embeddable":true,"href":"https:\/\/tekstiilipood.ee\/fi\/wp-json\/wp\/v2\/product_cat?post=5884"},{"taxonomy":"product_tag","embeddable":true,"href":"https:\/\/tekstiilipood.ee\/fi\/wp-json\/wp\/v2\/product_tag?post=5884"},{"taxonomy":"tootekatekooria","embeddable":true,"href":"https:\/\/tekstiilipood.ee\/fi\/wp-json\/wp\/v2\/tootekatekooria?post=5884"}],"curies":[{"name":"wp","href":"https:\/\/api.w.org\/{rel}","templated":true}]}}