{"id":5856,"date":"2021-03-17T15:35:24","date_gmt":"2021-03-17T13:35:24","guid":{"rendered":"https:\/\/tekstiilipood.ee\/product\/tyynyliina-50x60-cm-puuvilla-satiini-giselle-ruusun-harmaa\/"},"modified":"2025-07-01T10:06:39","modified_gmt":"2025-07-01T07:06:39","slug":"tyynyliina-50x60-cm-puuvilla-satiini-giselle-ruusun-harmaa","status":"publish","type":"product","link":"https:\/\/tekstiilipood.ee\/fi\/tuote\/tyynyliina-50x60-cm-puuvilla-satiini-giselle-ruusun-harmaa\/","title":{"rendered":"Tyynyliina 50&#215;60 cm, puuvilla- satiini, GISELLE ruusun harmaa"},"content":{"rendered":"","protected":false},"excerpt":{"rendered":"<p>Tyynyliina 100 % puuvillasatiinikankaasta. Luonnollisen koostumuksen tyynyliina on sile\u00e4pintainen ja takaa hyv\u00e4t y\u00f6unet. Katso my\u00f6s erikokoiset liinavaatteet ja pussilakanat samalta kanalta. Tuote t\u00e4ytt\u00e4\u00e4 \u00d6ko-Tex Standard 100 -sertifikaatin ehdot.<\/p>\n","protected":false},"featured_media":5327,"template":"","meta":{"_gspb_post_css":""},"product_brand":[],"product_cat":[205,285],"product_tag":[],"tootekatekooria":[],"class_list":{"0":"post-5856","1":"product","2":"type-product","3":"status-publish","4":"has-post-thumbnail","6":"product_cat-makuuhuoneeseen","7":"product_cat-tyynyliinat","8":"product_shipping_class-1-4-paivaa","10":"first","11":"outofstock","12":"sale","13":"taxable","14":"shipping-taxable","15":"purchasable","16":"product-type-simple"},"_links":{"self":[{"href":"https:\/\/tekstiilipood.ee\/fi\/wp-json\/wp\/v2\/product\/5856","targetHints":{"allow":["GET"]}}],"collection":[{"href":"https:\/\/tekstiilipood.ee\/fi\/wp-json\/wp\/v2\/product"}],"about":[{"href":"https:\/\/tekstiilipood.ee\/fi\/wp-json\/wp\/v2\/types\/product"}],"wp:featuredmedia":[{"embeddable":true,"href":"https:\/\/tekstiilipood.ee\/fi\/wp-json\/wp\/v2\/media\/5327"}],"wp:attachment":[{"href":"https:\/\/tekstiilipood.ee\/fi\/wp-json\/wp\/v2\/media?parent=5856"}],"wp:term":[{"taxonomy":"product_brand","embeddable":true,"href":"https:\/\/tekstiilipood.ee\/fi\/wp-json\/wp\/v2\/product_brand?post=5856"},{"taxonomy":"product_cat","embeddable":true,"href":"https:\/\/tekstiilipood.ee\/fi\/wp-json\/wp\/v2\/product_cat?post=5856"},{"taxonomy":"product_tag","embeddable":true,"href":"https:\/\/tekstiilipood.ee\/fi\/wp-json\/wp\/v2\/product_tag?post=5856"},{"taxonomy":"tootekatekooria","embeddable":true,"href":"https:\/\/tekstiilipood.ee\/fi\/wp-json\/wp\/v2\/tootekatekooria?post=5856"}],"curies":[{"name":"wp","href":"https:\/\/api.w.org\/{rel}","templated":true}]}}