{"id":5802,"date":"2021-09-08T09:52:06","date_gmt":"2021-09-08T06:52:06","guid":{"rendered":"https:\/\/tekstiilipood.ee\/product\/lakana-puuvilla-satiini-150x240-cm-standard-tummansininen-navy\/"},"modified":"2025-07-01T10:06:31","modified_gmt":"2025-07-01T07:06:31","slug":"lakana-puuvilla-satiini-150x240-cm-standard-tummansininen-navy","status":"publish","type":"product","link":"https:\/\/tekstiilipood.ee\/fi\/tuote\/lakana-puuvilla-satiini-150x240-cm-standard-tummansininen-navy\/","title":{"rendered":"Lakana puuvilla-satiini 150&#215;240 cm Standard tummansininen navy"},"content":{"rendered":"","protected":false},"excerpt":{"rendered":"<p>100 % puuvillasatiinikangas lakanana. Luonnonkangaslakanassa on sile\u00e4 pinta ja se takaa hyv\u00e4t y\u00f6unet. Katso my\u00f6s erikokoiset tyynyliinat samasta kanasta. Tuote t\u00e4ytt\u00e4\u00e4 \u00d6ko-Tex Standard 100 -sertifikaatin ehdot.<\/p>\n","protected":false},"featured_media":5682,"template":"","meta":{"_gspb_post_css":""},"product_brand":[],"product_cat":[206,205],"product_tag":[],"tootekatekooria":[],"class_list":{"0":"post-5802","1":"product","2":"type-product","3":"status-publish","4":"has-post-thumbnail","6":"product_cat-alus-lakanat","7":"product_cat-makuuhuoneeseen","9":"first","10":"instock","11":"taxable","12":"shipping-taxable","13":"purchasable","14":"product-type-simple"},"_links":{"self":[{"href":"https:\/\/tekstiilipood.ee\/fi\/wp-json\/wp\/v2\/product\/5802","targetHints":{"allow":["GET"]}}],"collection":[{"href":"https:\/\/tekstiilipood.ee\/fi\/wp-json\/wp\/v2\/product"}],"about":[{"href":"https:\/\/tekstiilipood.ee\/fi\/wp-json\/wp\/v2\/types\/product"}],"wp:featuredmedia":[{"embeddable":true,"href":"https:\/\/tekstiilipood.ee\/fi\/wp-json\/wp\/v2\/media\/5682"}],"wp:attachment":[{"href":"https:\/\/tekstiilipood.ee\/fi\/wp-json\/wp\/v2\/media?parent=5802"}],"wp:term":[{"taxonomy":"product_brand","embeddable":true,"href":"https:\/\/tekstiilipood.ee\/fi\/wp-json\/wp\/v2\/product_brand?post=5802"},{"taxonomy":"product_cat","embeddable":true,"href":"https:\/\/tekstiilipood.ee\/fi\/wp-json\/wp\/v2\/product_cat?post=5802"},{"taxonomy":"product_tag","embeddable":true,"href":"https:\/\/tekstiilipood.ee\/fi\/wp-json\/wp\/v2\/product_tag?post=5802"},{"taxonomy":"tootekatekooria","embeddable":true,"href":"https:\/\/tekstiilipood.ee\/fi\/wp-json\/wp\/v2\/tootekatekooria?post=5802"}],"curies":[{"name":"wp","href":"https:\/\/api.w.org\/{rel}","templated":true}]}}