{"id":5237,"date":"2021-02-04T17:04:16","date_gmt":"2021-02-04T15:04:16","guid":{"rendered":"https:\/\/tekstiilipood.ee\/product\/lakana-puuvilla-satiini-240x260-cm-standardi-mintunvirhea\/"},"modified":"2025-07-01T10:06:39","modified_gmt":"2025-07-01T07:06:39","slug":"lakana-puuvilla-satiini-240x260-cm-standardi-mintunvirhea","status":"publish","type":"product","link":"https:\/\/tekstiilipood.ee\/fi\/tuote\/lakana-puuvilla-satiini-240x260-cm-standardi-mintunvirhea\/","title":{"rendered":"Lakana puuvilla-satiini 240&#215;260 cm, Standardi mintunvirhe\u00e4"},"content":{"rendered":"<p><br data-mce-bogus=\"1\"><\/p>\n","protected":false},"excerpt":{"rendered":"<p>100% puuvillasta satiinikangaasta lakan. <span lang=\"fi\">Luonnonkangasta valmistetussa lakanassa on sile\u00e4 pinta ja se takaa sinulle hyv\u00e4n y\u00f6unen. <\/span><span lang=\"fi\">Katso my\u00f6s erikokoisia tyynyliinoja samasta kankaasta. <\/span><span lang=\"fi\">Tuote my\u00f6s t\u00e4ytt\u00e4\u00e4 \u00d6ko-Tex Standard 100 -sertifikaatin ehdot.<\/span><\/p>\n<p><span lang=\"fi\">\u00a0<\/span><\/p>\n<p><span lang=\"fi\">\u00a0<\/span><\/p>\n","protected":false},"featured_media":7085,"template":"","meta":{"_gspb_post_css":""},"product_brand":[],"product_cat":[206,205],"product_tag":[],"tootekatekooria":[],"class_list":{"0":"post-5237","1":"product","2":"type-product","3":"status-publish","4":"has-post-thumbnail","6":"product_cat-alus-lakanat","7":"product_cat-makuuhuoneeseen","8":"product_shipping_class-1-4-paivaa","10":"first","11":"instock","12":"taxable","13":"shipping-taxable","14":"purchasable","15":"product-type-simple"},"_links":{"self":[{"href":"https:\/\/tekstiilipood.ee\/fi\/wp-json\/wp\/v2\/product\/5237","targetHints":{"allow":["GET"]}}],"collection":[{"href":"https:\/\/tekstiilipood.ee\/fi\/wp-json\/wp\/v2\/product"}],"about":[{"href":"https:\/\/tekstiilipood.ee\/fi\/wp-json\/wp\/v2\/types\/product"}],"wp:featuredmedia":[{"embeddable":true,"href":"https:\/\/tekstiilipood.ee\/fi\/wp-json\/wp\/v2\/media\/7085"}],"wp:attachment":[{"href":"https:\/\/tekstiilipood.ee\/fi\/wp-json\/wp\/v2\/media?parent=5237"}],"wp:term":[{"taxonomy":"product_brand","embeddable":true,"href":"https:\/\/tekstiilipood.ee\/fi\/wp-json\/wp\/v2\/product_brand?post=5237"},{"taxonomy":"product_cat","embeddable":true,"href":"https:\/\/tekstiilipood.ee\/fi\/wp-json\/wp\/v2\/product_cat?post=5237"},{"taxonomy":"product_tag","embeddable":true,"href":"https:\/\/tekstiilipood.ee\/fi\/wp-json\/wp\/v2\/product_tag?post=5237"},{"taxonomy":"tootekatekooria","embeddable":true,"href":"https:\/\/tekstiilipood.ee\/fi\/wp-json\/wp\/v2\/tootekatekooria?post=5237"}],"curies":[{"name":"wp","href":"https:\/\/api.w.org\/{rel}","templated":true}]}}