{"id":11949,"date":"2025-01-29T20:01:48","date_gmt":"2025-01-29T18:01:48","guid":{"rendered":"https:\/\/tekstiilipood.ee\/?post_type=product&#038;p=11949"},"modified":"2025-07-01T10:05:12","modified_gmt":"2025-07-01T07:05:12","slug":"voodipesukomplekt-220x205-2x-50x60-cm-hotel-classic-triip-sataan-helesinine","status":"publish","type":"product","link":"https:\/\/tekstiilipood.ee\/fi\/tuote\/voodipesukomplekt-220x205-2x-50x60-cm-hotel-classic-triip-sataan-helesinine\/","title":{"rendered":"Voodipesukomplekt 150&#215;205+50&#215;60+3 cm, HOTEL CLASSIC triip sat\u00e4\u00e4n, Tormisinine"},"content":{"rendered":"","protected":false},"excerpt":{"rendered":"<p><span class=\"bold\">Voodipesukomplekt HOTEL CLASSIC,<\/span> milles tekikott\u00a0 t\u00f5mblukuga ja 3 cm raamiga padjap\u00fc\u00fcr 50&#215;60 cm, on valmistatud kvaliteetsest 100% puuvillasest triip-sat\u00e4\u00e4n kangast. Triibu laius on 25 mm. Kangas on pehme, siidise l\u00e4ikega, hingav. Naturaalne materjal on voodipesuks parim &#8211; laseb nahal hingata ja tagab hea une. Toode vastab \u00d6ko-Tex Standard 100 sertifikaadile &#8211; usaldusv\u00e4\u00e4rne tekstiil<\/p>\n","protected":false},"featured_media":11951,"template":"","meta":{"_gspb_post_css":""},"product_brand":[],"product_cat":[205,287],"product_tag":[],"tootekatekooria":[],"class_list":{"0":"post-11949","1":"product","2":"type-product","3":"status-publish","4":"has-post-thumbnail","6":"product_cat-makuuhuoneeseen","7":"product_cat-vuodevaate","8":"product_shipping_class-1-4-paivaa","10":"first","11":"instock","12":"taxable","13":"shipping-taxable","14":"purchasable","15":"product-type-simple"},"_links":{"self":[{"href":"https:\/\/tekstiilipood.ee\/fi\/wp-json\/wp\/v2\/product\/11949","targetHints":{"allow":["GET"]}}],"collection":[{"href":"https:\/\/tekstiilipood.ee\/fi\/wp-json\/wp\/v2\/product"}],"about":[{"href":"https:\/\/tekstiilipood.ee\/fi\/wp-json\/wp\/v2\/types\/product"}],"wp:featuredmedia":[{"embeddable":true,"href":"https:\/\/tekstiilipood.ee\/fi\/wp-json\/wp\/v2\/media\/11951"}],"wp:attachment":[{"href":"https:\/\/tekstiilipood.ee\/fi\/wp-json\/wp\/v2\/media?parent=11949"}],"wp:term":[{"taxonomy":"product_brand","embeddable":true,"href":"https:\/\/tekstiilipood.ee\/fi\/wp-json\/wp\/v2\/product_brand?post=11949"},{"taxonomy":"product_cat","embeddable":true,"href":"https:\/\/tekstiilipood.ee\/fi\/wp-json\/wp\/v2\/product_cat?post=11949"},{"taxonomy":"product_tag","embeddable":true,"href":"https:\/\/tekstiilipood.ee\/fi\/wp-json\/wp\/v2\/product_tag?post=11949"},{"taxonomy":"tootekatekooria","embeddable":true,"href":"https:\/\/tekstiilipood.ee\/fi\/wp-json\/wp\/v2\/tootekatekooria?post=11949"}],"curies":[{"name":"wp","href":"https:\/\/api.w.org\/{rel}","templated":true}]}}