{"id":10808,"date":"2022-01-18T19:38:07","date_gmt":"2022-01-18T17:38:07","guid":{"rendered":"https:\/\/tekstiilipood.ee\/product\/lakanat-150x240-cm-100-pv-mars-tahdet-sininen\/"},"modified":"2025-07-01T10:06:27","modified_gmt":"2025-07-01T07:06:27","slug":"lakanat-150x240-cm-100-pv-mars-tahdet-sininen","status":"publish","type":"product","link":"https:\/\/tekstiilipood.ee\/fi\/tuote\/lakanat-150x240-cm-100-pv-mars-tahdet-sininen\/","title":{"rendered":"Lakanat 150&#215;240 cm, 100 % PV, MARS t\u00e4hdet sininen"},"content":{"rendered":"","protected":false},"excerpt":{"rendered":"<p>Lakana on valmistettu laadukkaasta 100% puuvillakankaasta. Luonnonmateriaali on pehme\u00e4\u00e4, p\u00e4\u00e4st\u00e4\u00e4 ihon hengitt\u00e4m\u00e4\u00e4n ja takaa hyv\u00e4t unet. Tuote t\u00e4ytt\u00e4\u00e4 \u00d6ko-Tex Standard 100 -sertifikaatin vaatimukset. Tuotteen mittoihin on lis\u00e4tty kutistumisvaraa, mitat ovat ensimm\u00e4isen pesun j\u00e4lkeen.<\/p>\n","protected":false},"featured_media":6000,"template":"","meta":{"_gspb_post_css":""},"product_brand":[],"product_cat":[333,213],"product_tag":[],"tootekatekooria":[],"class_list":{"0":"post-10808","1":"product","2":"type-product","3":"status-publish","4":"has-post-thumbnail","6":"product_cat-lakanat-2","7":"product_cat-lapsille","8":"product_shipping_class-1-4-paivaa","10":"first","11":"instock","12":"taxable","13":"shipping-taxable","14":"purchasable","15":"product-type-simple"},"_links":{"self":[{"href":"https:\/\/tekstiilipood.ee\/fi\/wp-json\/wp\/v2\/product\/10808","targetHints":{"allow":["GET"]}}],"collection":[{"href":"https:\/\/tekstiilipood.ee\/fi\/wp-json\/wp\/v2\/product"}],"about":[{"href":"https:\/\/tekstiilipood.ee\/fi\/wp-json\/wp\/v2\/types\/product"}],"wp:featuredmedia":[{"embeddable":true,"href":"https:\/\/tekstiilipood.ee\/fi\/wp-json\/wp\/v2\/media\/6000"}],"wp:attachment":[{"href":"https:\/\/tekstiilipood.ee\/fi\/wp-json\/wp\/v2\/media?parent=10808"}],"wp:term":[{"taxonomy":"product_brand","embeddable":true,"href":"https:\/\/tekstiilipood.ee\/fi\/wp-json\/wp\/v2\/product_brand?post=10808"},{"taxonomy":"product_cat","embeddable":true,"href":"https:\/\/tekstiilipood.ee\/fi\/wp-json\/wp\/v2\/product_cat?post=10808"},{"taxonomy":"product_tag","embeddable":true,"href":"https:\/\/tekstiilipood.ee\/fi\/wp-json\/wp\/v2\/product_tag?post=10808"},{"taxonomy":"tootekatekooria","embeddable":true,"href":"https:\/\/tekstiilipood.ee\/fi\/wp-json\/wp\/v2\/tootekatekooria?post=10808"}],"curies":[{"name":"wp","href":"https:\/\/api.w.org\/{rel}","templated":true}]}}