{"id":10807,"date":"2023-01-06T16:50:29","date_gmt":"2023-01-06T14:50:29","guid":{"rendered":"https:\/\/tekstiilipood.ee\/product\/setti-102x120-tp-40x60-cm-panda\/"},"modified":"2025-07-01T10:06:10","modified_gmt":"2025-07-01T07:06:10","slug":"setti-102x120-tp-40x60-cm-panda","status":"publish","type":"product","link":"https:\/\/tekstiilipood.ee\/fi\/tuote\/setti-102x120-tp-40x60-cm-panda\/","title":{"rendered":"Setti 102&#215;120, TP 40&#215;60 cm, PANDA."},"content":{"rendered":"","protected":false},"excerpt":{"rendered":"<p>Vuodevaatesetti on valmistettu laadukkaasta 100% puuvillakankaasta. Settiin sis\u00e4ltyy peiton p\u00e4\u00e4llinen ja 1 tyynyliina. Luonnonmateriaali on pehme\u00e4, p\u00e4\u00e4st\u00e4\u00e4 ihon hengitt\u00e4m\u00e4\u00e4n ja takaa hyv\u00e4t unet. Tuote t\u00e4ytt\u00e4\u00e4 \u00d6ko-Tex Standard 100 -sertifikaatin vaatimukset. Tuotteen mittoihin on lis\u00e4tty kutistumisvaraa, mitat ovat ensimm\u00e4isen pesun j\u00e4lkeen.<\/p>\n","protected":false},"featured_media":8389,"template":"","meta":{"_gspb_post_css":""},"product_brand":[],"product_cat":[218,213],"product_tag":[],"tootekatekooria":[],"class_list":{"0":"post-10807","1":"product","2":"type-product","3":"status-publish","4":"has-post-thumbnail","6":"product_cat-lakana-sarja","7":"product_cat-lapsille","8":"product_shipping_class-1-4-paivaa","10":"first","11":"instock","12":"featured","13":"taxable","14":"shipping-taxable","15":"purchasable","16":"product-type-simple"},"_links":{"self":[{"href":"https:\/\/tekstiilipood.ee\/fi\/wp-json\/wp\/v2\/product\/10807","targetHints":{"allow":["GET"]}}],"collection":[{"href":"https:\/\/tekstiilipood.ee\/fi\/wp-json\/wp\/v2\/product"}],"about":[{"href":"https:\/\/tekstiilipood.ee\/fi\/wp-json\/wp\/v2\/types\/product"}],"wp:featuredmedia":[{"embeddable":true,"href":"https:\/\/tekstiilipood.ee\/fi\/wp-json\/wp\/v2\/media\/8389"}],"wp:attachment":[{"href":"https:\/\/tekstiilipood.ee\/fi\/wp-json\/wp\/v2\/media?parent=10807"}],"wp:term":[{"taxonomy":"product_brand","embeddable":true,"href":"https:\/\/tekstiilipood.ee\/fi\/wp-json\/wp\/v2\/product_brand?post=10807"},{"taxonomy":"product_cat","embeddable":true,"href":"https:\/\/tekstiilipood.ee\/fi\/wp-json\/wp\/v2\/product_cat?post=10807"},{"taxonomy":"product_tag","embeddable":true,"href":"https:\/\/tekstiilipood.ee\/fi\/wp-json\/wp\/v2\/product_tag?post=10807"},{"taxonomy":"tootekatekooria","embeddable":true,"href":"https:\/\/tekstiilipood.ee\/fi\/wp-json\/wp\/v2\/tootekatekooria?post=10807"}],"curies":[{"name":"wp","href":"https:\/\/api.w.org\/{rel}","templated":true}]}}