{"id":10806,"date":"2023-04-05T15:39:56","date_gmt":"2023-04-05T12:39:56","guid":{"rendered":"https:\/\/tekstiilipood.ee\/product\/lasten-setti-peitto-100x135-cm-ja-tyyny-40x60-cm-valkoinen-karhutikkaus\/"},"modified":"2025-07-01T10:05:59","modified_gmt":"2025-07-01T07:05:59","slug":"lasten-setti-peitto-100x135-cm-ja-tyyny-40x60-cm-valkoinen-karhutikkaus","status":"publish","type":"product","link":"https:\/\/tekstiilipood.ee\/fi\/tuote\/lasten-setti-peitto-100x135-cm-ja-tyyny-40x60-cm-valkoinen-karhutikkaus\/","title":{"rendered":"Lasten setti: peitto 100&#215;135 cm ja tyyny 40&#215;60 cm, valkoinen karhutikkaus."},"content":{"rendered":"","protected":false},"excerpt":{"rendered":"<p>Vuodevaatesetti on valmistettu laadukkaasta 100% puuvillakankaasta. Settiin sis\u00e4ltyy peiton p\u00e4\u00e4llinen ja 1 tyynyliina. Luonnonmateriaali on pehme\u00e4, p\u00e4\u00e4st\u00e4\u00e4 ihon hengitt\u00e4m\u00e4\u00e4n ja takaa hyv\u00e4t unet. Tuote t\u00e4ytt\u00e4\u00e4 \u00d6ko-Tex Standard 100 -sertifikaatin vaatimukset. Tuotteen mittoihin on lis\u00e4tty kutistumisvaraa, mitat ovat ensimm\u00e4isen pesun j\u00e4lkeen.<\/p>\n","protected":false},"featured_media":8742,"template":"","meta":{"_gspb_post_css":""},"product_brand":[],"product_cat":[218,213],"product_tag":[],"tootekatekooria":[],"class_list":{"0":"post-10806","1":"product","2":"type-product","3":"status-publish","4":"has-post-thumbnail","6":"product_cat-lakana-sarja","7":"product_cat-lapsille","8":"product_shipping_class-1-4-paivaa","10":"first","11":"instock","12":"taxable","13":"shipping-taxable","14":"purchasable","15":"product-type-simple"},"_links":{"self":[{"href":"https:\/\/tekstiilipood.ee\/fi\/wp-json\/wp\/v2\/product\/10806","targetHints":{"allow":["GET"]}}],"collection":[{"href":"https:\/\/tekstiilipood.ee\/fi\/wp-json\/wp\/v2\/product"}],"about":[{"href":"https:\/\/tekstiilipood.ee\/fi\/wp-json\/wp\/v2\/types\/product"}],"wp:featuredmedia":[{"embeddable":true,"href":"https:\/\/tekstiilipood.ee\/fi\/wp-json\/wp\/v2\/media\/8742"}],"wp:attachment":[{"href":"https:\/\/tekstiilipood.ee\/fi\/wp-json\/wp\/v2\/media?parent=10806"}],"wp:term":[{"taxonomy":"product_brand","embeddable":true,"href":"https:\/\/tekstiilipood.ee\/fi\/wp-json\/wp\/v2\/product_brand?post=10806"},{"taxonomy":"product_cat","embeddable":true,"href":"https:\/\/tekstiilipood.ee\/fi\/wp-json\/wp\/v2\/product_cat?post=10806"},{"taxonomy":"product_tag","embeddable":true,"href":"https:\/\/tekstiilipood.ee\/fi\/wp-json\/wp\/v2\/product_tag?post=10806"},{"taxonomy":"tootekatekooria","embeddable":true,"href":"https:\/\/tekstiilipood.ee\/fi\/wp-json\/wp\/v2\/tootekatekooria?post=10806"}],"curies":[{"name":"wp","href":"https:\/\/api.w.org\/{rel}","templated":true}]}}