{"id":10802,"date":"2023-04-18T16:10:31","date_gmt":"2023-04-18T13:10:31","guid":{"rendered":"https:\/\/tekstiilipood.ee\/product\/sankylakana-joustavalla-patjasuojalla-180x200-cm-paallikangas-100-puuvillafroteeta-valkoinen\/"},"modified":"2025-07-01T10:05:58","modified_gmt":"2025-07-01T07:05:58","slug":"sankylakana-joustavalla-patjasuojalla-180x200-cm-paallikangas-100-puuvillafroteeta-valkoinen","status":"publish","type":"product","link":"https:\/\/tekstiilipood.ee\/fi\/tuote\/sankylakana-joustavalla-patjasuojalla-180x200-cm-paallikangas-100-puuvillafroteeta-valkoinen\/","title":{"rendered":"S\u00e4nkylakana joustavalla patjasuojalla, 180&#215;200 cm, p\u00e4\u00e4llikangas 100% puuvillafroteeta, valkoinen."},"content":{"rendered":"","protected":false},"excerpt":{"rendered":"<p>Laminoitu eli vedenpit\u00e4v\u00e4 ja ilman l\u00e4p\u00e4isev\u00e4. Reunat on ylik\u00e4sitelty overlock-ommelta k\u00e4ytt\u00e4en, kulmissa kuminauhat.<\/p>\n","protected":false},"featured_media":8790,"template":"","meta":{"_gspb_post_css":""},"product_brand":[],"product_cat":[215,213],"product_tag":[],"tootekatekooria":[],"class_list":{"0":"post-10802","1":"product","2":"type-product","3":"status-publish","4":"has-post-thumbnail","6":"product_cat-lakanat-lapselle","7":"product_cat-lapsille","8":"product_shipping_class-1-4-paivaa","10":"first","11":"instock","12":"taxable","13":"shipping-taxable","14":"purchasable","15":"product-type-simple"},"_links":{"self":[{"href":"https:\/\/tekstiilipood.ee\/fi\/wp-json\/wp\/v2\/product\/10802","targetHints":{"allow":["GET"]}}],"collection":[{"href":"https:\/\/tekstiilipood.ee\/fi\/wp-json\/wp\/v2\/product"}],"about":[{"href":"https:\/\/tekstiilipood.ee\/fi\/wp-json\/wp\/v2\/types\/product"}],"wp:featuredmedia":[{"embeddable":true,"href":"https:\/\/tekstiilipood.ee\/fi\/wp-json\/wp\/v2\/media\/8790"}],"wp:attachment":[{"href":"https:\/\/tekstiilipood.ee\/fi\/wp-json\/wp\/v2\/media?parent=10802"}],"wp:term":[{"taxonomy":"product_brand","embeddable":true,"href":"https:\/\/tekstiilipood.ee\/fi\/wp-json\/wp\/v2\/product_brand?post=10802"},{"taxonomy":"product_cat","embeddable":true,"href":"https:\/\/tekstiilipood.ee\/fi\/wp-json\/wp\/v2\/product_cat?post=10802"},{"taxonomy":"product_tag","embeddable":true,"href":"https:\/\/tekstiilipood.ee\/fi\/wp-json\/wp\/v2\/product_tag?post=10802"},{"taxonomy":"tootekatekooria","embeddable":true,"href":"https:\/\/tekstiilipood.ee\/fi\/wp-json\/wp\/v2\/tootekatekooria?post=10802"}],"curies":[{"name":"wp","href":"https:\/\/api.w.org\/{rel}","templated":true}]}}