{"id":10800,"date":"2023-10-10T18:10:03","date_gmt":"2023-10-10T15:10:03","guid":{"rendered":"https:\/\/tekstiilipood.ee\/product\/silkkinen-tyynyliina-numerolla-50x60cm-ivory-jacquard\/"},"modified":"2025-07-01T10:05:38","modified_gmt":"2025-07-01T07:05:38","slug":"silkkinen-tyynyliina-numerolla-50x60cm-ivory-jacquard","status":"publish","type":"product","link":"https:\/\/tekstiilipood.ee\/fi\/tuote\/silkkinen-tyynyliina-numerolla-50x60cm-ivory-jacquard\/","title":{"rendered":"Silkkinen tyynyliina numerolla 50x60cm, IVORY JACQUARD"},"content":{"rendered":"<p>Ennakkotilauksella<\/p>\n","protected":false},"excerpt":{"rendered":"<p>100% silkist\u00e4 valmistettu vuodevaatesetti, sek\u00e4 yksiv\u00e4risen\u00e4 ett\u00e4 sis\u00e4\u00e4nkudottuna (jacquard) kuosina, on ylellinen, kevyt ja omalla kauniilla kiillollaan varustettu kangas. Silkki\u00e4 voi k\u00e4ytt\u00e4\u00e4 menestyksekk\u00e4\u00e4sti ymp\u00e4ri vuoden, sill\u00e4 se tuntuu miellytt\u00e4v\u00e4n viile\u00e4lt\u00e4 iholla kes\u00e4ll\u00e4 ja pit\u00e4\u00e4 l\u00e4mpim\u00e4n\u00e4 talvella. Se on eritt\u00e4in iho- ja hiustensuojayst\u00e4v\u00e4llinen \u2013 ei kuivata liikaa kasvojen ihoa ja ehk\u00e4isee ryppyjen muodostumista. HUOM! Vuodevaatteiden mitat sis\u00e4lt\u00e4v\u00e4t kutistumavaran kankaan valmistajan ohjeiden mukaisesti.<\/p>\n<p>Koostumus: 100% silkki<br \/>\nPeiton mitat: 150x200cm; 220x200cm; 240x200cm<br \/>\nTyynyliinan mitat: 50x60cm; 50x70cm; 60x80cm<br \/>\nJoustavalla reunalla varustettujen lakanojen mitat: 160x200x30; 180x200x30<\/p>\n","protected":false},"featured_media":10296,"template":"","meta":{"_gspb_post_css":""},"product_brand":[],"product_cat":[393],"product_tag":[],"tootekatekooria":[],"class_list":{"0":"post-10800","1":"product","2":"type-product","3":"status-publish","4":"has-post-thumbnail","6":"product_cat-silkki-vuodevaatesetti","8":"first","9":"instock","10":"sale","11":"taxable","12":"shipping-taxable","13":"purchasable","14":"product-type-simple"},"_links":{"self":[{"href":"https:\/\/tekstiilipood.ee\/fi\/wp-json\/wp\/v2\/product\/10800","targetHints":{"allow":["GET"]}}],"collection":[{"href":"https:\/\/tekstiilipood.ee\/fi\/wp-json\/wp\/v2\/product"}],"about":[{"href":"https:\/\/tekstiilipood.ee\/fi\/wp-json\/wp\/v2\/types\/product"}],"wp:featuredmedia":[{"embeddable":true,"href":"https:\/\/tekstiilipood.ee\/fi\/wp-json\/wp\/v2\/media\/10296"}],"wp:attachment":[{"href":"https:\/\/tekstiilipood.ee\/fi\/wp-json\/wp\/v2\/media?parent=10800"}],"wp:term":[{"taxonomy":"product_brand","embeddable":true,"href":"https:\/\/tekstiilipood.ee\/fi\/wp-json\/wp\/v2\/product_brand?post=10800"},{"taxonomy":"product_cat","embeddable":true,"href":"https:\/\/tekstiilipood.ee\/fi\/wp-json\/wp\/v2\/product_cat?post=10800"},{"taxonomy":"product_tag","embeddable":true,"href":"https:\/\/tekstiilipood.ee\/fi\/wp-json\/wp\/v2\/product_tag?post=10800"},{"taxonomy":"tootekatekooria","embeddable":true,"href":"https:\/\/tekstiilipood.ee\/fi\/wp-json\/wp\/v2\/tootekatekooria?post=10800"}],"curies":[{"name":"wp","href":"https:\/\/api.w.org\/{rel}","templated":true}]}}