{"id":10799,"date":"2023-10-10T18:38:53","date_gmt":"2023-10-10T15:38:53","guid":{"rendered":"https:\/\/tekstiilipood.ee\/product\/vuodevaate-tencel-satiini-230x290-cm-yonsininen\/"},"modified":"2025-07-01T10:05:38","modified_gmt":"2025-07-01T07:05:38","slug":"vuodevaate-tencel-satiini-230x290-cm-yonsininen","status":"publish","type":"product","link":"https:\/\/tekstiilipood.ee\/fi\/tuote\/vuodevaate-tencel-satiini-230x290-cm-yonsininen\/","title":{"rendered":"Vuodevaate, Tencel-satiini, 230&#215;290 cm, Y\u00d6NSININEN"},"content":{"rendered":"<p data-sourcepos=\"3:1-3:97\">Lakanat on saatavilla 230 x 290 cm yhten\u00e4isv\u00e4risen\u00e4 ja ne sopivat vuoteeseen 160&#215;200 cm.<\/p>\n<p data-sourcepos=\"5:1-5:97\">Pohjalakanat on saatavilla 246 x 290 cm yhten\u00e4isv\u00e4risen\u00e4 ja ne sopivat vuoteeseen 180&#215;200 cm.<\/p>\n<p data-sourcepos=\"7:1-7:134\">Huomio! Kuvat ovat havainnollisia. Kankaiden todellinen v\u00e4ris\u00e4vy voi poiketa hieman todellisesta n\u00e4yt\u00f6n asetusten eroista johtuen!<\/p>\n","protected":false},"excerpt":{"rendered":"<p data-sourcepos=\"1:1-1:425\">Tencel-satiini arvostetaan sen kauniin ulkon\u00e4\u00f6n, pehmeyden ja hyv\u00e4n kosteudensitomiskyvyn vuoksi. Tencel on pehme\u00e4mp\u00e4\u00e4 kuin silkki, viile\u00e4mp\u00e4\u00e4 kuin pellava, kest\u00e4v\u00e4mp\u00e4\u00e4 ja helppohoitoisempaa, koska se rypistyy v\u00e4hemm\u00e4n. Se sopii erinomaisesti my\u00f6s herk\u00e4lle iholle ja allergisille. Tencel-vaatteiston hoito on helppoa, sit\u00e4 voi pest\u00e4 pesukoneessa miedolla l\u00e4mm\u00f6ll\u00e4 eik\u00e4 se tarvitse aina silityst\u00e4, koska se rypistyy v\u00e4h\u00e4n.<\/p>\n<p data-sourcepos=\"3:1-3:110\">Huom! Vaatteiden mittauksissa on huomioitu kutistumismahdollisuus kankaan valmistajan ohjeiden mukaisesti.<\/p>\n<p data-sourcepos=\"5:1-5:24\">Valmistettu Virossa.<\/p>\n","protected":false},"featured_media":10192,"template":"","meta":{"_gspb_post_css":""},"product_brand":[],"product_cat":[390,389],"product_tag":[],"tootekatekooria":[],"class_list":{"0":"post-10799","1":"product","2":"type-product","3":"status-publish","4":"has-post-thumbnail","6":"product_cat-tencel-satiinist-aluslakanat","7":"product_cat-tencel-satiinist-vuodevaate","8":"product_shipping_class-1-4-paivaa","10":"first","11":"instock","12":"taxable","13":"shipping-taxable","14":"purchasable","15":"product-type-simple"},"_links":{"self":[{"href":"https:\/\/tekstiilipood.ee\/fi\/wp-json\/wp\/v2\/product\/10799","targetHints":{"allow":["GET"]}}],"collection":[{"href":"https:\/\/tekstiilipood.ee\/fi\/wp-json\/wp\/v2\/product"}],"about":[{"href":"https:\/\/tekstiilipood.ee\/fi\/wp-json\/wp\/v2\/types\/product"}],"wp:featuredmedia":[{"embeddable":true,"href":"https:\/\/tekstiilipood.ee\/fi\/wp-json\/wp\/v2\/media\/10192"}],"wp:attachment":[{"href":"https:\/\/tekstiilipood.ee\/fi\/wp-json\/wp\/v2\/media?parent=10799"}],"wp:term":[{"taxonomy":"product_brand","embeddable":true,"href":"https:\/\/tekstiilipood.ee\/fi\/wp-json\/wp\/v2\/product_brand?post=10799"},{"taxonomy":"product_cat","embeddable":true,"href":"https:\/\/tekstiilipood.ee\/fi\/wp-json\/wp\/v2\/product_cat?post=10799"},{"taxonomy":"product_tag","embeddable":true,"href":"https:\/\/tekstiilipood.ee\/fi\/wp-json\/wp\/v2\/product_tag?post=10799"},{"taxonomy":"tootekatekooria","embeddable":true,"href":"https:\/\/tekstiilipood.ee\/fi\/wp-json\/wp\/v2\/tootekatekooria?post=10799"}],"curies":[{"name":"wp","href":"https:\/\/api.w.org\/{rel}","templated":true}]}}