{"id":10796,"date":"2023-10-19T10:18:50","date_gmt":"2023-10-19T07:18:50","guid":{"rendered":"https:\/\/tekstiilipood.ee\/product\/cashmere-premium-huopa-180x220-cm-fleecekangas-musta\/"},"modified":"2025-07-01T10:05:37","modified_gmt":"2025-07-01T07:05:37","slug":"cashmere-premium-huopa-180x220-cm-fleecekangas-musta","status":"publish","type":"product","link":"https:\/\/tekstiilipood.ee\/fi\/tuote\/cashmere-premium-huopa-180x220-cm-fleecekangas-musta\/","title":{"rendered":"Cashmere Premium -huopa, 180&#215;220 cm, fleecekangas, musta."},"content":{"rendered":"","protected":false},"excerpt":{"rendered":"<p>Siidisen kiillon omaava Cashmere Premium -huopa on miellytt\u00e4v\u00e4n pehme\u00e4, p\u00f6yhe\u00e4 ja antaa paljon l\u00e4mp\u00f6\u00e4. Cashmere Premium -huopa on eritt\u00e4in korkealaatuinen ja ihonyst\u00e4v\u00e4llinen. Tuotteen kangas t\u00e4ytt\u00e4\u00e4 \u00d6ko-Tex Standard 100 -sertifikaatin vaatimukset, mik\u00e4 tarkoittaa, ettei huopa sis\u00e4ll\u00e4 terveydelle haitallisia kemiallisia aineita. Huopaa on eritt\u00e4in helppo hoitaa, koostumus on 100% polyesteri\u00e4, 500 g\/m2. Pese 30 \u00b0C l\u00e4mp\u00f6tilassa, \u00e4l\u00e4 k\u00e4yt\u00e4 huuhteluaineita pesussa. Pese tummat s\u00e4vyt erikseen.<\/p>\n","protected":false},"featured_media":10375,"template":"","meta":{"_gspb_post_css":""},"product_brand":[],"product_cat":[386,288],"product_tag":[],"tootekatekooria":[],"class_list":{"0":"post-10796","1":"product","2":"type-product","3":"status-publish","4":"has-post-thumbnail","6":"product_cat-cashmere-premium-fi","7":"product_cat-huopa","8":"product_shipping_class-7-14-paivaa","10":"first","11":"instock","12":"taxable","13":"shipping-taxable","14":"purchasable","15":"product-type-simple"},"_links":{"self":[{"href":"https:\/\/tekstiilipood.ee\/fi\/wp-json\/wp\/v2\/product\/10796","targetHints":{"allow":["GET"]}}],"collection":[{"href":"https:\/\/tekstiilipood.ee\/fi\/wp-json\/wp\/v2\/product"}],"about":[{"href":"https:\/\/tekstiilipood.ee\/fi\/wp-json\/wp\/v2\/types\/product"}],"wp:featuredmedia":[{"embeddable":true,"href":"https:\/\/tekstiilipood.ee\/fi\/wp-json\/wp\/v2\/media\/10375"}],"wp:attachment":[{"href":"https:\/\/tekstiilipood.ee\/fi\/wp-json\/wp\/v2\/media?parent=10796"}],"wp:term":[{"taxonomy":"product_brand","embeddable":true,"href":"https:\/\/tekstiilipood.ee\/fi\/wp-json\/wp\/v2\/product_brand?post=10796"},{"taxonomy":"product_cat","embeddable":true,"href":"https:\/\/tekstiilipood.ee\/fi\/wp-json\/wp\/v2\/product_cat?post=10796"},{"taxonomy":"product_tag","embeddable":true,"href":"https:\/\/tekstiilipood.ee\/fi\/wp-json\/wp\/v2\/product_tag?post=10796"},{"taxonomy":"tootekatekooria","embeddable":true,"href":"https:\/\/tekstiilipood.ee\/fi\/wp-json\/wp\/v2\/tootekatekooria?post=10796"}],"curies":[{"name":"wp","href":"https:\/\/api.w.org\/{rel}","templated":true}]}}