{"id":10792,"date":"2023-10-19T10:39:43","date_gmt":"2023-10-19T07:39:43","guid":{"rendered":"https:\/\/tekstiilipood.ee\/product\/cashmere-premium-huopa-180x220-cm-fleecekangas-hopeanharmaa\/"},"modified":"2025-07-01T10:05:36","modified_gmt":"2025-07-01T07:05:36","slug":"cashmere-premium-huopa-180x220-cm-fleecekangas-hopeanharmaa","status":"publish","type":"product","link":"https:\/\/tekstiilipood.ee\/fi\/tuote\/cashmere-premium-huopa-180x220-cm-fleecekangas-hopeanharmaa\/","title":{"rendered":"Cashmere Premium -huopa, 180&#215;220 cm, fleecekangas, hopeanharmaa."},"content":{"rendered":"","protected":false},"excerpt":{"rendered":"<p>Siidise l\u00e4ikega\u00a0<span class=\"bold\">pleed Cashmere Premium<\/span>\u00a0on m\u00f5nusalt pehme, kohev ning palju sooja andev. Pleed koosneb 100% pol\u00fcesterist ja on v\u00e4ga k\u00f5rge kvaliteediga ning nahas\u00f5bralik. Toote kangas vastab \u00d6ko-Tex Standard 100 sertifikaadile, mis t\u00e4hendab, et pleed ei sisalda tervisele kahjulikke keemilisi aineid.<\/p>\n","protected":false},"featured_media":10427,"template":"","meta":{"_gspb_post_css":""},"product_brand":[],"product_cat":[386,288],"product_tag":[],"tootekatekooria":[],"class_list":{"0":"post-10792","1":"product","2":"type-product","3":"status-publish","4":"has-post-thumbnail","6":"product_cat-cashmere-premium-fi","7":"product_cat-huopa","9":"first","10":"instock","11":"taxable","12":"shipping-taxable","13":"purchasable","14":"product-type-simple"},"_links":{"self":[{"href":"https:\/\/tekstiilipood.ee\/fi\/wp-json\/wp\/v2\/product\/10792","targetHints":{"allow":["GET"]}}],"collection":[{"href":"https:\/\/tekstiilipood.ee\/fi\/wp-json\/wp\/v2\/product"}],"about":[{"href":"https:\/\/tekstiilipood.ee\/fi\/wp-json\/wp\/v2\/types\/product"}],"wp:featuredmedia":[{"embeddable":true,"href":"https:\/\/tekstiilipood.ee\/fi\/wp-json\/wp\/v2\/media\/10427"}],"wp:attachment":[{"href":"https:\/\/tekstiilipood.ee\/fi\/wp-json\/wp\/v2\/media?parent=10792"}],"wp:term":[{"taxonomy":"product_brand","embeddable":true,"href":"https:\/\/tekstiilipood.ee\/fi\/wp-json\/wp\/v2\/product_brand?post=10792"},{"taxonomy":"product_cat","embeddable":true,"href":"https:\/\/tekstiilipood.ee\/fi\/wp-json\/wp\/v2\/product_cat?post=10792"},{"taxonomy":"product_tag","embeddable":true,"href":"https:\/\/tekstiilipood.ee\/fi\/wp-json\/wp\/v2\/product_tag?post=10792"},{"taxonomy":"tootekatekooria","embeddable":true,"href":"https:\/\/tekstiilipood.ee\/fi\/wp-json\/wp\/v2\/tootekatekooria?post=10792"}],"curies":[{"name":"wp","href":"https:\/\/api.w.org\/{rel}","templated":true}]}}