{"id":10789,"date":"2023-12-11T21:07:34","date_gmt":"2023-12-11T19:07:34","guid":{"rendered":"https:\/\/tekstiilipood.ee\/product\/pussilakanasetti-150x210-cm-1x50x60-cm-polybeige\/"},"modified":"2025-07-01T10:05:35","modified_gmt":"2025-07-01T07:05:35","slug":"pussilakanasetti-150x210-cm-1x50x60-cm-polybeige","status":"publish","type":"product","link":"https:\/\/tekstiilipood.ee\/fi\/tuote\/pussilakanasetti-150x210-cm-1x50x60-cm-polybeige\/","title":{"rendered":"Pussilakanasetti 150&#215;210 cm, 1x50x60 cm, p\u00f6lybeige"},"content":{"rendered":"","protected":false},"excerpt":{"rendered":"<p>100% puuvillainen vuodevaatesetti, jossa on 1 kpl pussilakana(150 x 210 cm) ja 1 tyynyliina (50&#215;60 cm). Luonnonmateriaali on paras vuodevaatteisiin, se p\u00e4\u00e4st\u00e4\u00e4 ilman l\u00e4pi, imee kosteutta sek\u00e4 takaa hyv\u00e4t y\u00f6unet. Kangas t\u00e4ytt\u00e4\u00e4 \u00d6ko-Tex Standard 100 -vaatimukset &#8211; luotettava tekstiili.<\/p>\n","protected":false},"featured_media":10535,"template":"","meta":{"_gspb_post_css":""},"product_brand":[],"product_cat":[385,205],"product_tag":[],"tootekatekooria":[],"class_list":{"0":"post-10789","1":"product","2":"type-product","3":"status-publish","4":"has-post-thumbnail","6":"product_cat-100-puuvilla-setti","7":"product_cat-makuuhuoneeseen","8":"product_shipping_class-1-4-paivaa","10":"first","11":"instock","12":"taxable","13":"shipping-taxable","14":"purchasable","15":"product-type-simple"},"_links":{"self":[{"href":"https:\/\/tekstiilipood.ee\/fi\/wp-json\/wp\/v2\/product\/10789","targetHints":{"allow":["GET"]}}],"collection":[{"href":"https:\/\/tekstiilipood.ee\/fi\/wp-json\/wp\/v2\/product"}],"about":[{"href":"https:\/\/tekstiilipood.ee\/fi\/wp-json\/wp\/v2\/types\/product"}],"wp:featuredmedia":[{"embeddable":true,"href":"https:\/\/tekstiilipood.ee\/fi\/wp-json\/wp\/v2\/media\/10535"}],"wp:attachment":[{"href":"https:\/\/tekstiilipood.ee\/fi\/wp-json\/wp\/v2\/media?parent=10789"}],"wp:term":[{"taxonomy":"product_brand","embeddable":true,"href":"https:\/\/tekstiilipood.ee\/fi\/wp-json\/wp\/v2\/product_brand?post=10789"},{"taxonomy":"product_cat","embeddable":true,"href":"https:\/\/tekstiilipood.ee\/fi\/wp-json\/wp\/v2\/product_cat?post=10789"},{"taxonomy":"product_tag","embeddable":true,"href":"https:\/\/tekstiilipood.ee\/fi\/wp-json\/wp\/v2\/product_tag?post=10789"},{"taxonomy":"tootekatekooria","embeddable":true,"href":"https:\/\/tekstiilipood.ee\/fi\/wp-json\/wp\/v2\/tootekatekooria?post=10789"}],"curies":[{"name":"wp","href":"https:\/\/api.w.org\/{rel}","templated":true}]}}