{"id":10788,"date":"2023-12-13T22:31:46","date_gmt":"2023-12-13T20:31:46","guid":{"rendered":"https:\/\/tekstiilipood.ee\/product\/bambufroteepyyhe-50x100-cm-mailand-valkoinen\/"},"modified":"2025-07-01T10:05:34","modified_gmt":"2025-07-01T07:05:34","slug":"bambufroteepyyhe-50x100-cm-mailand-valkoinen","status":"publish","type":"product","link":"https:\/\/tekstiilipood.ee\/fi\/tuote\/bambufroteepyyhe-50x100-cm-mailand-valkoinen\/","title":{"rendered":"Bambufroteepyyhe, 50&#215;100 cm, MAILAND, valkoinen."},"content":{"rendered":"","protected":false},"excerpt":{"rendered":"<p>Luksusmainen bambufroteepyyhe koostuu 70% bio-puuvillasta ja 30% bambusviskoosista. Bio-puuvillainen &#8221;zero twist&#8221; lanka on kierteet\u00f6n, mik\u00e4 tekee pyyhkeest\u00e4 erityisen p\u00f6yhe\u00e4n ja pehme\u00e4n. Bambufrotee imee erinomaisesti kosteutta. Lis\u00e4ksi bambusviskoosilla on luonnollinen antibakteerinen ominaisuus. Pyyhe on kest\u00e4v\u00e4 ja varustettu Vegan-merkinn\u00e4ll\u00e4. Ripustuslenkki on puuvillaa ja samanv\u00e4rist\u00e4 kuin pyyhe. Tiheys 700 g\/m2.<\/p>\n","protected":false},"featured_media":10556,"template":"","meta":{"_gspb_post_css":""},"product_brand":[],"product_cat":[210],"product_tag":[],"tootekatekooria":[],"class_list":{"0":"post-10788","1":"product","2":"type-product","3":"status-publish","4":"has-post-thumbnail","6":"product_cat-frotee-pyyhkeet","7":"product_shipping_class-1-4-paivaa","9":"first","10":"instock","11":"taxable","12":"shipping-taxable","13":"purchasable","14":"product-type-simple"},"_links":{"self":[{"href":"https:\/\/tekstiilipood.ee\/fi\/wp-json\/wp\/v2\/product\/10788","targetHints":{"allow":["GET"]}}],"collection":[{"href":"https:\/\/tekstiilipood.ee\/fi\/wp-json\/wp\/v2\/product"}],"about":[{"href":"https:\/\/tekstiilipood.ee\/fi\/wp-json\/wp\/v2\/types\/product"}],"wp:featuredmedia":[{"embeddable":true,"href":"https:\/\/tekstiilipood.ee\/fi\/wp-json\/wp\/v2\/media\/10556"}],"wp:attachment":[{"href":"https:\/\/tekstiilipood.ee\/fi\/wp-json\/wp\/v2\/media?parent=10788"}],"wp:term":[{"taxonomy":"product_brand","embeddable":true,"href":"https:\/\/tekstiilipood.ee\/fi\/wp-json\/wp\/v2\/product_brand?post=10788"},{"taxonomy":"product_cat","embeddable":true,"href":"https:\/\/tekstiilipood.ee\/fi\/wp-json\/wp\/v2\/product_cat?post=10788"},{"taxonomy":"product_tag","embeddable":true,"href":"https:\/\/tekstiilipood.ee\/fi\/wp-json\/wp\/v2\/product_tag?post=10788"},{"taxonomy":"tootekatekooria","embeddable":true,"href":"https:\/\/tekstiilipood.ee\/fi\/wp-json\/wp\/v2\/tootekatekooria?post=10788"}],"curies":[{"name":"wp","href":"https:\/\/api.w.org\/{rel}","templated":true}]}}