{"id":9653,"date":"2023-09-26T22:40:24","date_gmt":"2023-09-26T19:40:24","guid":{"rendered":"https:\/\/tekstiilipood.ee\/?page_id=9653"},"modified":"2023-09-26T22:41:11","modified_gmt":"2023-09-26T19:41:11","slug":"yhteistiedot","status":"publish","type":"page","link":"https:\/\/tekstiilipood.ee\/fi\/yhteistiedot\/","title":{"rendered":"Yhteistiedot"},"content":{"rendered":"\n<div class=\"wp-block-greenshift-blocks-row gspb_row gspb_row-id-gsbp-79f23087-fd6d\" id=\"gspb_row-id-gsbp-79f23087-fd6d\"><div class=\"gspb_row__content\"> \n<div class=\"wp-block-greenshift-blocks-row-column gspb_row__col--6 gspb_col-id-gsbp-2838931e-0a47\" id=\"gspb_col-id-gsbp-2838931e-0a47\">\n<h3 class=\"wp-block-heading has-medium-font-size\" id=\"microcam-ou\">MICROCAM O\u00dc<\/h3>\n\n\n\n<p><a href=\"tel:003725087555\"><br>Alar: +(372) 50 87 555<\/a><br><a href=\"tel:0037256453344\">Kaire: +(372) 56 453 344<\/a><br><br>K\u00e4o 52b, 11317 Tallinn<br>info@tekstiilipood.ee<br>Viron Y-tunnus: 12914395<br>Verovelvollisena: EE101819828<a href=\"tel:003725087555\"><br><\/a><\/p>\n<\/div>\n\n\n\n<div class=\"wp-block-greenshift-blocks-row-column gspb_row__col--6 gspb_col-id-gsbp-59978235-e5e5\" id=\"gspb_col-id-gsbp-59978235-e5e5\">\n<h2 class=\"wp-block-heading has-medium-font-size\" id=\"laheta-meille-viestia\" style=\"text-transform:uppercase\">L\u00c4HET\u00c4 MEILLE VIESTI\u00c4 .\u200b<\/h2>\n\n\n<style id=\"wpforms-css-vars-9643-block-bf48b5a1-fa9d-47f4-bf3c-220f472a7e38\">\n\t\t\t\t#wpforms-9643.wpforms-block-bf48b5a1-fa9d-47f4-bf3c-220f472a7e38 {\n\t\t\t\t--wpforms-field-border-radius: 5px;\n--wpforms-label-sublabel-color: #000000;\n--wpforms-field-size-input-height: 31px;\n--wpforms-field-size-input-spacing: 10px;\n--wpforms-field-size-font-size: 14px;\n--wpforms-field-size-line-height: 17px;\n--wpforms-field-size-padding-h: 9px;\n--wpforms-field-size-checkbox-size: 14px;\n--wpforms-field-size-sublabel-spacing: 5px;\n--wpforms-field-size-icon-size: 0.75;\n--wpforms-label-size-font-size: 14px;\n--wpforms-label-size-line-height: 17px;\n--wpforms-label-size-sublabel-font-size: 13px;\n--wpforms-label-size-sublabel-line-height: 16px;\n--wpforms-button-size-font-size: 14px;\n--wpforms-button-size-height: 37px;\n--wpforms-button-size-padding-h: 15px;\n--wpforms-button-size-margin-top: 5px;\n\t\t\t}\n\t\t\t<\/style><div class=\"wpforms-container wpforms-container-full wpforms-block wpforms-block-bf48b5a1-fa9d-47f4-bf3c-220f472a7e38 wpforms-render-modern\" id=\"wpforms-9643\"><form id=\"wpforms-form-9643\" class=\"wpforms-validate wpforms-form wpforms-ajax-form\" data-formid=\"9643\" method=\"post\" enctype=\"multipart\/form-data\" action=\"\/fi\/wp-json\/wp\/v2\/pages\/9653\" data-token=\"75762b7f6aa071d81b7fa702055124be\" data-token-time=\"1775654160\"><noscript class=\"wpforms-error-noscript\">Please enable JavaScript in your browser to complete this form.<\/noscript><div id=\"wpforms-error-noscript\" style=\"display: none;\">Please enable JavaScript in your browser to complete this form.<\/div><div class=\"wpforms-field-container\"><div id=\"wpforms-9643-field_1-container\" class=\"wpforms-field wpforms-field-name wpforms-one-half wpforms-first\" data-field-id=\"1\"><label class=\"wpforms-field-label wpforms-label-hide\" for=\"wpforms-9643-field_1\" aria-hidden=\"false\">Nimi <span class=\"wpforms-required-label\" aria-hidden=\"true\">*<\/span><\/label><input type=\"text\" id=\"wpforms-9643-field_1\" class=\"wpforms-field-large wpforms-field-required\" name=\"wpforms[fields][1]\" placeholder=\"Nimi\" aria-errormessage=\"wpforms-9643-field_1-error\" required><\/div><div id=\"wpforms-9643-field_2-container\" class=\"wpforms-field wpforms-field-email wpforms-one-half\" data-field-id=\"2\"><label class=\"wpforms-field-label wpforms-label-hide\" for=\"wpforms-9643-field_2\" aria-hidden=\"false\">S\u00e4hk\u00f6posti <span class=\"wpforms-required-label\" aria-hidden=\"true\">*<\/span><\/label><input type=\"email\" id=\"wpforms-9643-field_2\" class=\"wpforms-field-large wpforms-field-required\" name=\"wpforms[fields][2]\" placeholder=\"S\u00e4hk\u00f6posti\" spellcheck=\"false\" aria-errormessage=\"wpforms-9643-field_2-error\" required><\/div><div id=\"wpforms-9643-field_3-container\" class=\"wpforms-field wpforms-field-text\" data-field-id=\"3\"><label class=\"wpforms-field-label wpforms-label-hide\" for=\"wpforms-9643-field_3\" aria-hidden=\"false\">Puhelinnumero <span class=\"wpforms-required-label\" aria-hidden=\"true\">*<\/span><\/label><input type=\"text\" id=\"wpforms-9643-field_3\" class=\"wpforms-field-large wpforms-field-required\" name=\"wpforms[fields][3]\" placeholder=\"Puhelinnumero\" aria-errormessage=\"wpforms-9643-field_3-error\" required><\/div><div id=\"wpforms-9643-field_4-container\" class=\"wpforms-field wpforms-field-textarea\" data-field-id=\"4\"><label class=\"wpforms-field-label wpforms-label-hide\" for=\"wpforms-9643-field_4\" aria-hidden=\"false\">Viesti <span class=\"wpforms-required-label\" aria-hidden=\"true\">*<\/span><\/label><textarea id=\"wpforms-9643-field_4\" class=\"wpforms-field-medium wpforms-field-required\" name=\"wpforms[fields][4]\" placeholder=\"Viesti\" aria-errormessage=\"wpforms-9643-field_4-error\" required><\/textarea><\/div><\/div><!-- .wpforms-field-container --><div class=\"wpforms-recaptcha-container wpforms-is-recaptcha wpforms-is-recaptcha-type-v3\" ><input type=\"hidden\" name=\"wpforms[recaptcha]\" value=\"\"><\/div><div class=\"wpforms-submit-container\" ><input type=\"hidden\" name=\"wpforms[id]\" value=\"9643\"><input type=\"hidden\" name=\"page_title\" value=\"\"><input type=\"hidden\" name=\"page_url\" value=\"https:\/\/tekstiilipood.ee\/fi\/wp-json\/wp\/v2\/pages\/9653\"><input type=\"hidden\" name=\"url_referer\" value=\"\"><button type=\"submit\" name=\"wpforms[submit]\" id=\"wpforms-submit-9643\" class=\"wpforms-submit\" data-alt-text=\"L\u00e4het\u00e4n..\" data-submit-text=\"L\u00e4het\u00e4\" aria-live=\"assertive\" value=\"wpforms-submit\">L\u00e4het\u00e4<\/button><img loading=\"lazy\" decoding=\"async\" src=\"https:\/\/tekstiilipood.ee\/wp-content\/plugins\/wpforms-lite\/assets\/images\/submit-spin.svg\" class=\"wpforms-submit-spinner\" style=\"display: none;\" width=\"26\" height=\"26\" alt=\"Loading\" title=\"\"><\/div><\/form><\/div>  <!-- .wpforms-container --><\/div>\n <\/div><\/div>\n","protected":false},"excerpt":{"rendered":"","protected":false},"author":152,"featured_media":0,"parent":0,"menu_order":0,"comment_status":"closed","ping_status":"closed","template":"","meta":{"_gspb_post_css":"#gspb_row-id-gsbp-79f23087-fd6d{justify-content:space-between;margin-top:0;margin-bottom:0;position:relative;display:flex;flex-wrap:wrap;align-content:flex-start}#gspb_row-id-gsbp-79f23087-fd6d>.gspb_row__content{display:flex;margin:0 auto;width:100%;flex-wrap:wrap;align-items:flex-start;justify-content:space-evenly}#gspb_row-id-gsbp-79f23087-fd6d div[id^=gspb_col-id]{position:relative;padding:15px min(3vw,20px);box-sizing:border-box}body.gspb-bodyfront #gspb_row-id-gsbp-79f23087-fd6d>.gspb_row__content{width:var(--theme-container-width, 1200px);max-width:var(--theme-normal-container-max-width, 1200px)}#gspb_col-id-gsbp-2838931e-0a47.gspb_row__col--6{width:50%}@media (max-width:575.98px){#gspb_col-id-gsbp-2838931e-0a47.gspb_row__col--6{width:100%}}.gspb_row #gspb_col-id-gsbp-2838931e-0a47.gspb_row__col--6,.gspb_row #gspb_col-id-gsbp-59978235-e5e5.gspb_row__col--6{padding:0}#gspb_col-id-gsbp-59978235-e5e5.gspb_row__col--6{width:50%}@media (max-width:575.98px){#gspb_col-id-gsbp-59978235-e5e5.gspb_row__col--6{width:100%}}","footnotes":""},"class_list":["post-9653","page","type-page","status-publish","hentry"],"blocksy_meta":{"styles_descriptor":{"styles":{"desktop":"","tablet":"","mobile":""},"google_fonts":[],"version":6}},"_links":{"self":[{"href":"https:\/\/tekstiilipood.ee\/fi\/wp-json\/wp\/v2\/pages\/9653","targetHints":{"allow":["GET"]}}],"collection":[{"href":"https:\/\/tekstiilipood.ee\/fi\/wp-json\/wp\/v2\/pages"}],"about":[{"href":"https:\/\/tekstiilipood.ee\/fi\/wp-json\/wp\/v2\/types\/page"}],"author":[{"embeddable":true,"href":"https:\/\/tekstiilipood.ee\/fi\/wp-json\/wp\/v2\/users\/152"}],"replies":[{"embeddable":true,"href":"https:\/\/tekstiilipood.ee\/fi\/wp-json\/wp\/v2\/comments?post=9653"}],"version-history":[{"count":0,"href":"https:\/\/tekstiilipood.ee\/fi\/wp-json\/wp\/v2\/pages\/9653\/revisions"}],"wp:attachment":[{"href":"https:\/\/tekstiilipood.ee\/fi\/wp-json\/wp\/v2\/media?parent=9653"}],"curies":[{"name":"wp","href":"https:\/\/api.w.org\/{rel}","templated":true}]}}