{"id":5801,"date":"2022-01-01T01:54:54","date_gmt":"2021-12-31T23:54:54","guid":{"rendered":"https:\/\/tekstiilipood.ee\/tietosuojaseloste\/"},"modified":"2022-01-01T01:54:54","modified_gmt":"2021-12-31T23:54:54","slug":"tietosuojaseloste","status":"publish","type":"page","link":"https:\/\/tekstiilipood.ee\/fi\/tietosuojaseloste\/","title":{"rendered":"Tietosuojaseloste"},"content":{"rendered":"<p><strong>Henkil\u00f6tietojen k\u00e4sitteleminen<\/strong><\/p>\n<p>Henkil\u00f6tiedot ovat tietoja, joita <strong>Tekstiilipood.ee<\/strong> ker\u00e4\u00e4 yksityishenkil\u00f6n kanssa tehdyn sopimuksen t\u00e4ytt\u00e4misen tai yhteydenottamisen yhteydess\u00e4.<br \/>\nKanta-asiakkaan henkil\u00f6tietojen ker\u00e4\u00e4minen voi tapahtua seuraavilla tavoilla:<\/p>\n<div id=\"tw-target-text-container\" class=\"tw-ta-container F0azHf tw-nfl\" tabindex=\"0\">\n<ul>\n<li><span class=\"Y2IQFc\" lang=\"fi\">Kun l\u00e4het\u00e4t yhteystietojasi (mukaan lukien nimesi, postiosoitteesi, puhelinnumerosi, s\u00e4hk\u00f6postiosoitteesi, haluamasi yhteydenottotapa) verkkosivuillamme tai muualla (esim.<\/span> kaupoissa)<\/li>\n<li><span class=\"Y2IQFc\" lang=\"fi\">K\u00e4ytett\u00e4ess\u00e4 verkkosivustoa asiakkaan tilitiedoista tai ev\u00e4steiden kautta<\/span><\/li>\n<li><span class=\"Y2IQFc\" lang=\"fi\">Kun teet ostoksen tai tilaat myym\u00e4l\u00e4ss\u00e4mme tai verkkokaupassamme, tallennamme henkil\u00f6kohtaisia \u200b\u200byhteystietoja tai ostomieltymyksi\u00e4 koskevia tietoja (Tekstiilipood.ee voi pyyt\u00e4\u00e4 sinua vapaaehtoisesti antamaan henkil\u00f6tietoja ja henkil\u00f6tietoja tietyill\u00e4 verkkosivuston alueilla. Vaadittuja henkil\u00f6tietoja voivat olla mm. nimi, osoite, postinumero, s\u00e4hk\u00f6postiosoite, muut tiedot)<br \/>\n<\/span><\/li>\n<\/ul>\n<div id=\"tw-target-text-container\" class=\"tw-ta-container F0azHf tw-nfl\" tabindex=\"0\">\n<p id=\"tw-target-text\" class=\"tw-data-text tw-text-large tw-ta\" dir=\"ltr\" data-placeholder=\"Translation\"><strong><span class=\"Y2IQFc\" lang=\"fi\">Muiden tietojen ker\u00e4\u00e4minen:<\/span><\/strong><\/p>\n<ul>\n<li class=\"tw-data-text tw-text-large tw-ta\" dir=\"ltr\" data-placeholder=\"Translation\"><span class=\"Y2IQFc\" lang=\"fi\">Ker\u00e4\u00e4mme my\u00f6s ei-henkil\u00f6kohtaisia \u200b\u200btietoja &#8211; tietoja, joita ei voida suoraan yhdist\u00e4\u00e4 tiettyyn henkil\u00f6\u00f6n (sukupuoli, ik\u00e4, kielitoiveet, sijainti).<br \/>\n<\/span><\/li>\n<\/ul>\n<div id=\"tw-target-text-container\" class=\"tw-ta-container F0azHf tw-nfl\" tabindex=\"0\">\n<ul>\n<li id=\"tw-target-text\" class=\"tw-data-text tw-text-large tw-ta\" dir=\"ltr\" data-placeholder=\"Translation\"><span class=\"Y2IQFc\" lang=\"fi\">Saatamme my\u00f6s ker\u00e4t\u00e4 tietoja yleisest\u00e4 asiakastoiminnasta myym\u00e4l\u00f6iss\u00e4mme ja verkkosivuillamme. N\u00e4it\u00e4 tietoja ker\u00e4t\u00e4\u00e4n ja k\u00e4ytet\u00e4\u00e4n tarjoamaan asiakkaille hy\u00f6dyllisemp\u00e4\u00e4 tietoa ja tiet\u00e4m\u00e4\u00e4n, mitk\u00e4 verkkosivuston osat, tuotteet ja palvelut ovat kiinnostavimpia.<\/span><\/li>\n<\/ul>\n<div id=\"tw-target-text-container\" class=\"tw-ta-container F0azHf tw-nfl\" tabindex=\"0\">\n<ul>\n<li id=\"tw-target-text\" class=\"tw-data-text tw-text-large tw-ta\" dir=\"ltr\" data-placeholder=\"Translation\"><span class=\"Y2IQFc\" lang=\"fi\">Koottuja tietoja k\u00e4sitell\u00e4\u00e4n ei-henkil\u00f6tietoina t\u00e4ss\u00e4 tietosuojak\u00e4yt\u00e4nn\u00f6ss\u00e4.<\/span><\/li>\n<\/ul>\n<p class=\"tw-data-text tw-text-large tw-ta\" dir=\"ltr\" data-placeholder=\"Translation\"><span class=\"Y2IQFc\" lang=\"fi\">Sy\u00f6tt\u00e4m\u00e4ll\u00e4 tietoja <strong>Tekstiilipood.ee<\/strong> verkkokaupassa kuluttaja antaa selke\u00e4n ja tietoisen suostumuksen <strong>Tekstiilipood.ee<\/strong>:lle ker\u00e4t\u00e4 ja k\u00e4sitell\u00e4 kuluttajan henkil\u00f6tietoja sek\u00e4 v\u00e4litt\u00e4\u00e4 henkil\u00f6tietoja logistiikkakumppanille tuotteen toimitusta varten. <strong>Tekstiilipood.ee:<\/strong>ll\u00e4 on oikeus k\u00e4ytt\u00e4\u00e4 kuluttajan asuin- tai sijaintiosoitetta mainosten ja muiden tietojen v\u00e4litt\u00e4miseen kuluttajalle. <strong>Tekstiilipood.ee<\/strong>:n tiedoksi tulleet henkil\u00f6tiedot kirjataan asiakasrekisteriin ja niit\u00e4 k\u00e4ytet\u00e4\u00e4n myyntipalvelujen ja tuotteiden tuottamiseen. Kuluttaja suostuu l\u00e4hett\u00e4m\u00e4\u00e4n myyntitarjouksia tilausta tehdess\u00e4\u00e4n antamaansa s\u00e4hk\u00f6postiosoitteeseen, jos h\u00e4n on valinnut tilauksen l\u00e4hetyssivulla sopivan ikkunan.<br \/>\n<\/span><\/p>\n<div id=\"tw-target-text-container\" class=\"tw-ta-container F0azHf tw-nfl\" tabindex=\"0\">\n<p class=\"tw-data-text tw-text-large tw-ta\" dir=\"ltr\" data-placeholder=\"Translation\"><span class=\"Y2IQFc\" lang=\"fi\">Kuluttajan henkil\u00f6tiedot, jotka ovat v\u00e4ltt\u00e4m\u00e4tt\u00f6mi\u00e4 tuotteen toimittamiseksi, luovutetaan kuriiriyritykselle vain siin\u00e4 m\u00e4\u00e4rin kuin se on ehdottoman v\u00e4ltt\u00e4m\u00e4t\u00f6nt\u00e4; Kuluttajalla on oikeus milloin tahansa kielt\u00e4\u00e4 henkil\u00f6tietojensa ker\u00e4\u00e4minen ja k\u00e4ytt\u00f6, ellei se ole tarpeen sopimuksesta johtuvan vaateen perimiseksi tai tuotteen toimittamiseksi.<br \/>\n<\/span><\/p>\n<div class=\"DHcWmd\">\n<div id=\"tw-target\">\n<div id=\"kAz1tf\" class=\"g9WsWb\">\n<div id=\"tw-target-text-container\" class=\"tw-ta-container F0azHf tw-nfl\" tabindex=\"0\">\n<p id=\"tw-target-text\" class=\"tw-data-text tw-text-large tw-ta\" dir=\"ltr\" data-placeholder=\"Translation\"><span class=\"Y2IQFc\" lang=\"fi\">Henkil\u00f6tietojen suoja taataan kaikilla lain edellytt\u00e4mill\u00e4 turvallisuustoimenpiteill\u00e4. <strong>Tekstiilipood.ee<\/strong> sitoutuu olemaan siirt\u00e4m\u00e4tt\u00e4 rekister\u00f6ityj\u00e4 henkil\u00f6tietoja valtuuttamattomille henkil\u00f6ille tai k\u00e4ytt\u00e4m\u00e4tt\u00e4 henkil\u00f6tietoja lain tai t\u00e4m\u00e4n sopimuksen vastaisesti;<\/span><\/p>\n<\/div>\n<\/div>\n<\/div>\n<\/div>\n<div id=\"KnM9nf\">\n<div class=\"DHcWmd\">\n<div id=\"tw-target\">\n<div id=\"kAz1tf\" class=\"g9WsWb\">\n<div id=\"tw-target-text-container\" class=\"tw-ta-container F0azHf tw-nfl\" tabindex=\"0\">\n<p id=\"tw-target-text\" class=\"tw-data-text tw-text-large tw-ta\" dir=\"ltr\" data-placeholder=\"Translation\"><span class=\"Y2IQFc\" lang=\"fi\"><strong>Tekstiilipood.ee<\/strong> on henkil\u00f6tietojen p\u00e4\u00e4k\u00e4sittelij\u00e4, <strong>Tekstiilipood.ee<\/strong> v\u00e4litt\u00e4\u00e4 maksujen suorittamiseen tarvittavat henkil\u00f6tiedot valtuutetulle k\u00e4sittelij\u00e4lle Maksekeskus AS<\/span><\/p>\n<\/div>\n<\/div>\n<\/div>\n<\/div>\n<\/div>\n<pre id=\"tw-target-text\" class=\"tw-data-text tw-text-large tw-ta\" dir=\"ltr\" data-placeholder=\"Translation\"><span class=\"Y2IQFc\" lang=\"fi\">\u00a0<\/span><\/pre>\n<\/div>\n<div id=\"tw-target-rmn-container\" class=\"tw-target-rmn tw-ta-container F0azHf tw-nfl\">\n<pre id=\"tw-target-rmn\" class=\"tw-data-placeholder tw-text-small tw-ta\" dir=\"ltr\" data-placeholder=\"\"><\/pre>\n<\/div>\n<pre id=\"tw-target-text\" class=\"tw-data-text tw-text-large tw-ta\" dir=\"ltr\" data-placeholder=\"Translation\"><span class=\"Y2IQFc\" lang=\"fi\">\u00a0<\/span><\/pre>\n<\/div>\n<div id=\"tw-target-rmn-container\" class=\"tw-target-rmn tw-ta-container F0azHf tw-nfl\">\n<pre id=\"tw-target-rmn\" class=\"tw-data-placeholder tw-text-small tw-ta\" dir=\"ltr\" data-placeholder=\"\"><\/pre>\n<\/div>\n<\/div>\n<pre id=\"tw-target-text\" class=\"tw-data-text tw-text-large tw-ta\" dir=\"ltr\" data-placeholder=\"Translation\"><span class=\"Y2IQFc\" lang=\"fi\">\u00a0<\/span><\/pre>\n<\/div>\n<\/div>\n","protected":false},"excerpt":{"rendered":"<p>Henkil\u00f6tietojen k\u00e4sitteleminen Henkil\u00f6tiedot ovat tietoja, joita Tekstiilipood.ee ker\u00e4\u00e4 yksityishenkil\u00f6n kanssa tehdyn sopimuksen t\u00e4ytt\u00e4misen tai yhteydenottamisen yhteydess\u00e4. Kanta-asiakkaan henkil\u00f6tietojen ker\u00e4\u00e4minen voi tapahtua seuraavilla tavoilla: Kun l\u00e4het\u00e4t yhteystietojasi (mukaan lukien nimesi, postiosoitteesi, puhelinnumerosi, s\u00e4hk\u00f6postiosoitteesi, haluamasi yhteydenottotapa) verkkosivuillamme tai muualla (esim. kaupoissa) K\u00e4ytett\u00e4ess\u00e4 verkkosivustoa asiakkaan tilitiedoista tai ev\u00e4steiden kautta Kun teet ostoksen tai tilaat myym\u00e4l\u00e4ss\u00e4mme tai verkkokaupassamme, tallennamme [&hellip;]<\/p>\n","protected":false},"author":2,"featured_media":0,"parent":0,"menu_order":0,"comment_status":"closed","ping_status":"closed","template":"","meta":{"_gspb_post_css":"","footnotes":""},"class_list":["post-5801","page","type-page","status-publish","hentry"],"blocksy_meta":{"styles_descriptor":{"styles":{"desktop":"","tablet":"","mobile":""},"google_fonts":[],"version":6}},"_links":{"self":[{"href":"https:\/\/tekstiilipood.ee\/fi\/wp-json\/wp\/v2\/pages\/5801","targetHints":{"allow":["GET"]}}],"collection":[{"href":"https:\/\/tekstiilipood.ee\/fi\/wp-json\/wp\/v2\/pages"}],"about":[{"href":"https:\/\/tekstiilipood.ee\/fi\/wp-json\/wp\/v2\/types\/page"}],"author":[{"embeddable":true,"href":"https:\/\/tekstiilipood.ee\/fi\/wp-json\/wp\/v2\/users\/2"}],"replies":[{"embeddable":true,"href":"https:\/\/tekstiilipood.ee\/fi\/wp-json\/wp\/v2\/comments?post=5801"}],"version-history":[{"count":0,"href":"https:\/\/tekstiilipood.ee\/fi\/wp-json\/wp\/v2\/pages\/5801\/revisions"}],"wp:attachment":[{"href":"https:\/\/tekstiilipood.ee\/fi\/wp-json\/wp\/v2\/media?parent=5801"}],"curies":[{"name":"wp","href":"https:\/\/api.w.org\/{rel}","templated":true}]}}