{"id":5799,"date":"2022-01-01T01:39:52","date_gmt":"2021-12-31T23:39:52","guid":{"rendered":"https:\/\/tekstiilipood.ee\/myynin-ja-toimitusehdot\/"},"modified":"2024-01-14T13:14:03","modified_gmt":"2024-01-14T11:14:03","slug":"myynin-ja-toimitusehdot","status":"publish","type":"page","link":"https:\/\/tekstiilipood.ee\/fi\/myynin-ja-toimitusehdot\/","title":{"rendered":"Myynin- ja toimitusehdot"},"content":{"rendered":"<p><strong>Tekstiilipood.ee<\/strong> Verkkokauppaa yll\u00e4pit\u00e4\u00e4 Micorcam O\u00dc ( Viron y-tunnus 12914395, osoite K\u00e4o 52B, Tallinn, Harjumaa 11311). Tekstiilipood on liinavaatteiden, froteekankaan, kotitekstiilin ja sen kaltaisten tuotteiden myyv\u00e4 verkkokauppa.<br \/>\nMyyntiehdot on voimassa Tekstiilipood.ee verkkokaupasta ostavan (t\u00e4stedesp\u00e4in k\u00e4ytt\u00e4j\u00e4) ja yritys Microcam O\u00dc (t\u00e4stedesp\u00e4in <strong>Tekstiilipood.ee<\/strong>) tilausvahvistuksen mukaisen maksettavan summan vastaanottamisesta Microcam O\u00dc:n k\u00e4ytt\u00f6tilille.<\/p>\n<p><strong>Tekstiilipood.ee<\/strong> pid\u00e4tt\u00e4\u00e4 oikeuden tehd\u00e4 muutoksia myyntiehtoihin.<\/p>\n<p><strong>Tilauksen tekeminen<br \/>\n<\/strong><\/p>\n<p>Valitse itsellesi sopiva tuote, napsauta &#8221;Lis\u00e4\u00e4 ostoskoriin&#8221; -painiketta ja tuote lis\u00e4t\u00e4\u00e4n ostoskoriin. T\u00e4m\u00e4n j\u00e4lkeen voit jatkaa muiden tuotteiden tutkimista, lis\u00e4t\u00e4 niit\u00e4 ostoskoriin, muuttaa ostoskorin sis\u00e4lt\u00f6\u00e4 tai aloittaa maksamisen.<br \/>\n<strong>Maksu tuotteista<\/strong><\/p>\n<ul>\n<li>Maksaaksesi tavarat, siirry ostoskoriin, jonka l\u00f6yd\u00e4t sivun oikeasta yl\u00e4kulmasta klikkaamalla korin kuvaa.<\/li>\n<li>Painamalla &#8221;Maksa&#8221;-painiketta siirryt sivulle, jolle sinun tulee t\u00e4ytt\u00e4\u00e4 yhteystiedot ja toimitusosoite sek\u00e4 toimitusaika.<\/li>\n<li>Huomioithan, ett\u00e4 yhteystietoja ja toimitusosoitetta t\u00e4ytett\u00e4ess\u00e4 tulee olla tarkkana, sill\u00e4 n\u00e4iden tietojen oikeellisuudesta ja oikeellisuudesta riippuu halutun tuotteen nopea ja vaivaton toimitus.<\/li>\n<li>Palveluntarjoaja ei ole vastuussa tilauksen suorittamatta j\u00e4tt\u00e4misest\u00e4, joka johtuu Asiakkaan suorittamisen aikana antamista virheellisist\u00e4 tiedoista tai siit\u00e4 aiheutuvista seurauksista.<\/li>\n<li>Kun olet t\u00e4ytt\u00e4nyt vaaditut kent\u00e4t ja tarkistanut tiedot, napsauta &#8221;Maksa&#8221; -painiketta sivun oikeassa alakulmassa maksaaksesi.<\/li>\n<li>&#8221;Maksa&#8221;-painikkeen painamisen j\u00e4lkeen n\u00e4kyviin tulee Maksutavat, jossa on luettelo pankeista, joiden kautta on mahdollista maksaa. Maksaminen on mahdollista Maksukeskuksen kautta (Swedbank, SEB Pankki, Danske Bank, Krediidipank, LHV Pankki, Nordea Pankki).<\/li>\n<li id=\"tw-target-text\" dir=\"ltr\" data-placeholder=\"Translation\">Valitse sinulle sopiva maksutapa ja napsauta pankkikuvan vieress\u00e4 olevaa &#8221;Maksa&#8221;-painiketta.<\/li>\n<li dir=\"ltr\" data-placeholder=\"Translation\">&#8221;Maksa&#8221;-painikkeen painamisen j\u00e4lkeen sinut ohjataan Maksukeskukseen.<\/li>\n<li dir=\"ltr\" data-placeholder=\"Translation\">Jos maksat Maksukeskuksen kautta, sinun on valittava Maksukeskuksessa ruutu &#8221;Olen lukenut ja hyv\u00e4ksyn ehdot&#8221; ja klikattava vastaavan pankin logoa. T\u00e4m\u00e4n j\u00e4lkeen sinut ohjataan pankkiin, jossa sinun tulee tarkistaa maksutiedot, suorittaa maksu ja painaa &#8221;Takaisin kauppiaalle&#8221; -painiketta.<\/li>\n<li dir=\"ltr\" data-placeholder=\"Translation\">Maksuvahvistus l\u00e4hetet\u00e4\u00e4n annettuun s\u00e4hk\u00f6postiosoitteeseen.<\/li>\n<\/ul>\n<p id=\"tw-target-text\" dir=\"ltr\" data-placeholder=\"Translation\"><strong>Hintatiedot ja tuotetiedot<br \/>\n<\/strong><\/p>\n<p id=\"tw-target-text\" dir=\"ltr\" data-placeholder=\"Translation\">Tekstiilipood.ee on arvonlis\u00e4verovelvollinen. Tekstiilipood.ee verkkokaupassa ilmoitetut hinnat ovat euroissa ja sis\u00e4lt\u00e4v\u00e4t arvonlis\u00e4veron (24%).<\/p>\n<p id=\"tw-target-text\" dir=\"ltr\" data-placeholder=\"Translation\"><strong>Kauppasopimuksen voimaantulo<br \/>\n<\/strong><\/p>\n<p id=\"tw-target-text\" dir=\"ltr\" data-placeholder=\"Translation\">Tuotteen kauppasopimuksella Tekstiilipood.ee sitoutuu luovuttamaan tuotteen kuluttajalle ja mahdollistamaan omistusoikeuden siirtymisen kuluttajalle, mutta kuluttaja sitoutuu maksamaan tekstiilikaupalle tuotteen tilauksessa mainitun summan tekstiilipood.ee -sivustolla ja hyv\u00e4ksy\u00e4 tuote.<br \/>\nTilaukset, joita ei ole maksettu, peruutetaan 7 arkip\u00e4iv\u00e4n kuluttua tilauksen tekemisest\u00e4.<br \/>\nKauppasopimus astuu voimaan, kun kuluttaja on suorittanut maksun Tekstiilipood.ee:n k\u00e4ytt\u00f6tilille.<\/p>\n<p dir=\"ltr\" data-placeholder=\"Translation\"><strong>Toimitus<\/strong><\/p>\n<p dir=\"ltr\" data-placeholder=\"Translation\">Tekstiilipood.ee -verkkosivuilla n\u00e4kyv\u00e4t toimitusehdot ovat voimassa siit\u00e4 hetkest\u00e4, kun tilaussumma on saapunut Tekstiilipood.ee verkkokaupan k\u00e4ytt\u00f6tilille.<br \/>\nJotta toimitus saapuu viipym\u00e4tt\u00e4, oikeat ja voimassa olevat tiedot on annettava tilausta tehdess\u00e4si. Tekstiilipood.ee ei vastaa tuotteen toimituksen viiv\u00e4stymisest\u00e4, jos tuote on luovutettu logistiikkakumppaneille ajallaan, mutta toimituksen viiv\u00e4styminen johtuu olosuhteista, joihin Tekstiilipood.ee ei voinut vaikuttaa tai ennakoida.<br \/>\n<strong>Kohaletoimetamise aeg:<\/strong><\/p>\n<ul>\n<li dir=\"ltr\" data-placeholder=\"Translation\">\n<pre id=\"tw-target-text\" dir=\"ltr\" data-placeholder=\"Translation\">Tekstiilipood.ee postittaa tilauksen enint\u00e4\u00e4n 28 arkip\u00e4iv\u00e4n kuluessa tilauksen maksamisesta. Yleens\u00e4 tilatut tuotteet saapuvat asiakkaalle 1-4 arkip\u00e4iv\u00e4n kuluessa. Maksimi toimitusaika on 28 ty\u00f6p\u00e4iv\u00e4\u00e4.<\/pre>\n<\/li>\n<\/ul>\n<p><strong>Toimitustavat<\/strong>:<\/p>\n<ul>\n<li id=\"tw-target-text\" dir=\"ltr\" data-placeholder=\"Translation\">Omniva-pakettiautomaatti (10,00 \u20ac, ILMAINEN kuljetus ostohinnalle alkaen 150 \u20ac Viron sis\u00e4ll\u00e4)<\/li>\n<li dir=\"ltr\" data-placeholder=\"Translation\">\n<pre id=\"tw-target-text\" dir=\"ltr\" data-placeholder=\"Translation\">Smartpost-pakettiautomaatti (10,00 \u20ac, ILMAINEN kuljetus ostohinnalle alkaen 150 \u20ac Viron sis\u00e4ll\u00e4)<\/pre>\n<p>Tilatun tuotteen tulee saapua ehj\u00e4n\u00e4 ja suljetussa pakkauksessa. Mik\u00e4li pakkaus on vaurioitunut kuljetuksen aikana, tulee siit\u00e4 ilmoittaa v\u00e4litt\u00f6m\u00e4sti s\u00e4hk\u00f6postitse: info@tekstiilipood.ee.<\/p>\n<p id=\"tw-target-text\" dir=\"ltr\" data-placeholder=\"Translation\">Toimitusvelvollisuus Tekstiilipood.ee:lle katsotaan t\u00e4ytetyksi, kun tuote on saapunut Omnivan tai Smartpostin pakettiautomaattiin.<\/p>\n<p dir=\"ltr\" data-placeholder=\"Translation\"><strong>Tuotteen palautus ja sen vaihto<\/strong><\/p>\n<p id=\"tw-target-text\" dir=\"ltr\" data-placeholder=\"Translation\">Tuotteen vastaanottamisen j\u00e4lkeen kuluttajalla on oikeus perua verkkokaupassa solmittu sopimus 14 p\u00e4iv\u00e4n kuluessa. Kuluttajan tulee palauttaa tuote 14 p\u00e4iv\u00e4n kuluessa ostohetkest\u00e4. Tuotteen palautus- ja vaihtokulut maksaa kuluttaja. <strong>Tekstiilipood.ee<\/strong> palauttaa tuotteen hinnan kuluttajalle v\u00e4litt\u00f6m\u00e4sti palautushakemuksen saatuaan, kuitenkin viimeist\u00e4\u00e4n 14 p\u00e4iv\u00e4n kuluttua. Postikuluja ei palauteta.<br \/>\nTuotteen tulee olla alkuper\u00e4isess\u00e4 pakkauksessa, eik\u00e4 sit\u00e4 saa k\u00e4ytt\u00e4\u00e4. Tuotteessa ei saa olla k\u00e4yt\u00f6n j\u00e4lki\u00e4, hajua ja merkint\u00f6j\u00e4 \u2013 muuten Tekstiilipood.ee:ll\u00e4 on oikeus kielt\u00e4yty\u00e4 palautuksesta. Mik\u00e4li palautettava tuote (ja tuotteen pakkaus) on pilaantunut ja huononeminen johtuu olosuhteista, jotka eiv\u00e4t ole Tekstiilipood.ee:n aiheuttamia, tai tuotteen virheellisest\u00e4 k\u00e4yt\u00f6st\u00e4, on oikeus kuitata tuotteen arvon aleneminen maksettu ja kuluttajalle palautettava summa.<br \/>\nTekstiilipood.ee l\u00e4hett\u00e4\u00e4 kuluttajalle kuittaushakemuksen.<br \/>\nJos kuluttaja ei hyv\u00e4ksy kuittausilmoituksessa ilmoitettua arvon alennusta, kuluttajalla on oikeus k\u00e4ytt\u00e4\u00e4 riippumaton asiantuntija arvioimaan tuotteen arvon alentamista.<br \/>\nAsiantuntijaan liittyv\u00e4t kustannukset jaetaan puoleen kuluttajan ja Tekstiilipood.ee:n kesken, ellei jommankumman osapuolen kanta ole ilmeisen perusteeton. T\u00e4ll\u00f6in asiantuntijatutkimuksen kustannuksista vastaa se, jonka kanta on ilmeisen perusteeton.<br \/>\nTuotteen palauttamista tai vaihtoa varten kuluttajan tulee l\u00e4hett\u00e4\u00e4 peruuttamispyynt\u00f6 tuotteen ostosta s\u00e4hk\u00f6postitse. Kuluttaja l\u00e4hett\u00e4\u00e4 vapaamuotoisen hakemuksen s\u00e4hk\u00f6postitse osoitteeseen info@tekstiilipood.ee. Tekstiilipood.ee vastaa l\u00e4hetettyyn hakemukseen 5 arkip\u00e4iv\u00e4n kuluessa ja antaa kuluttajalle ohjeet tuotteen palauttamiseen tai vaihtoon.<\/p>\n<p><strong>Tuotteen vaihto<\/strong><\/p>\n<ul>\n<li dir=\"ltr\" data-placeholder=\"Translation\"><span class=\"Y2IQFc\" lang=\"fi\" style=\"white-space: pre-wrap;\">Tuotteen vaihtotapauksessa Tekstiilipood.ee l\u00e4hett\u00e4\u00e4 uuden halutun tuotteen kuluttajalle heti saatuaan vaihdettavan tuotteen. Uusi tuote saavuttaa kuluttajan yht\u00e4 nopeasti kuin tavallisilla ostoksilla<\/span>;<\/li>\n<li dir=\"ltr\" data-placeholder=\"Translation\">\n<p id=\"tw-target-text\" dir=\"ltr\" data-placeholder=\"Translation\">Vaihdettaessa toiseen tuotteeseen ilman vakuuttavaa perustetta lis\u00e4t\u00e4\u00e4n postimaksu.<\/p>\n<\/li>\n<li dir=\"ltr\" data-placeholder=\"Translation\">\n<p id=\"tw-target-text\" dir=\"ltr\" data-placeholder=\"Translation\">Tekstiilipood.ee ei voi aina taata tuotteiden vaihtomahdollisuutta, koska korvaava tuote voi yksinkertaisesti puuttua. Mik\u00e4li kuluttaja ei l\u00f6yd\u00e4 korvaavaa tuotetta, Tekstiilipood.ee palauttaa ostosumman kuluttajalle.<\/p>\n<\/li>\n<\/ul>\n<p id=\"tw-target-text\" dir=\"ltr\" data-placeholder=\"Translation\"><strong>Tekstiilipood.ee<\/strong> ei vastaa tuotteissa ilmenneist\u00e4 virheist\u00e4:<\/p>\n<ul>\n<li dir=\"ltr\" data-placeholder=\"Translation\">Asiakkaa johtuvista syist\u00e4<\/li>\n<li dir=\"ltr\" data-placeholder=\"Translation\">Tuotteen v\u00e4\u00e4rink\u00e4yt\u00f6st\u00e4;<\/li>\n<li dir=\"ltr\" data-placeholder=\"Translation\">Tuoteoppaan annettujenohjeiden tai huollon noudattamatta j\u00e4tt\u00e4minen;<\/li>\n<\/ul>\n<p dir=\"ltr\" data-placeholder=\"Translation\"><strong>Vastuu ja ylivoimainen este<\/strong><\/p>\n<p>Tekstiilipood.ee ei vastaa kuluttajalle aiheutuneista vahingoista tai tuotteen toimituksen viiv\u00e4stymisest\u00e4, jos vahinko tai tuotteen toimituksen viiv\u00e4styminen johtuu Tekstiilipood.ee:n ulkopuolisista seikoista, joiden saapumista Tekstiilipood.ee ei voinut ennakoida tai voinut ei ennakoida (ylivoimainen este)<\/p>\n<p>Tekstiilipood.ee on vastuussa kuluttajalle ja kuluttaja on vastuussa Tekstiilipood.ee:lle t\u00e4m\u00e4n sopimuksen ehtojen rikkomisella toiselle osapuolelle aiheutuneista vahingoista Viron tasavallassa voimassa olevan lains\u00e4\u00e4d\u00e4nn\u00f6n edellytt\u00e4miss\u00e4 tapauksissa ja laajuudessa;<\/p>\n<p dir=\"ltr\" data-placeholder=\"Translation\">Tekstiilipood.ee ei vastaa tuotteen katoamisesta tai vaurioitumisesta, joka on tapahtunut sen j\u00e4lkeen, kun tuote on luovutettu rahdinkuljettajalle;<\/p>\n<p dir=\"ltr\" data-placeholder=\"Translation\">Tekstiilipood.ee vastaa kuluttajasta tuotteen myyntihinnan verran.<\/p>\n<p id=\"tw-target-text\" dir=\"ltr\" data-placeholder=\"Translation\">Tekstiilipood.ee ei ota vastuuta viallisten tuotteiden aiheuttamista vahingoista, kuten omaisuus- tai tietovahingoista, tai voiton menetyksest\u00e4.<\/p>\n<p dir=\"ltr\" data-placeholder=\"Translation\"><strong>Ehtojen muuttaminen<br \/>\n<\/strong><\/p>\n<p dir=\"ltr\" data-placeholder=\"Translation\">Tekstiilipood.ee:ll\u00e4 on oikeus muuttaa ja t\u00e4ydent\u00e4\u00e4 t\u00e4m\u00e4n sopimuksen ehtoja ja hinnastoa verkkokaupan kehityksen vuoksi sek\u00e4 sen paremman ja turvallisemman k\u00e4yt\u00f6n vuoksi. Muutoksista ja lis\u00e4yksist\u00e4 k\u00e4ytt\u00f6ehtoihin ja hinnastoon tiedotetaan verkkosivuilla tekstiilipood.ee; Ehtojen ja hinnaston muutokset ja lis\u00e4ykset tulevat voimaan, kun vastaava muutos tai t\u00e4ydennys julkaistaan \u200b\u200bverkkosivulla tekstilipood.ee. Mik\u00e4li kuluttaja v\u00e4litti tilauksensa ennen ehtojen muutosten voimaantuloa, sovelletaan Tekstiilipood.ee ja kuluttajan v\u00e4liseen oikeussuhteeseen tilauksen v\u00e4lityshetkell\u00e4 voimassa olevia ehtoja, ellei laissa toisin s\u00e4\u00e4det\u00e4. Tekstiilipood.ee pid\u00e4tt\u00e4\u00e4 oikeuden perua kauppa, jos tuotteessa on ilmennyt jokin seuraavista ongelmista: hinnan sy\u00f6tt\u00e4misess\u00e4 on tapahtunut inhimillinen virhe tai j\u00e4rjestelm\u00e4ss\u00e4 tekninen virhe<\/p>\n<p id=\"tw-target-text\" dir=\"ltr\" data-placeholder=\"Translation\">(esim. jos 25 \u20ac maksava tuote myyd\u00e4\u00e4n vahingossa 1 \u20ac:lla, niin kyseess\u00e4 on ilmeisesti virhe, jonka seurauksena Tekstiilipood.ee olettaa kuluttajan ymm\u00e4rt\u00e4v\u00e4n t\u00e4m\u00e4n, ett\u00e4 tuote ei ole myyt\u00e4v\u00e4n\u00e4 hinta).<\/p>\n<p dir=\"ltr\" data-placeholder=\"Translation\"><strong>Tilauksen tekeminen<\/strong><\/p>\n<p dir=\"ltr\" data-placeholder=\"Translation\">Tavaran tilaamiseksi sinun tulee lis\u00e4t\u00e4 haluamasi tuotteet ostoskoriin. Tehd\u00e4ksesi tilauksen, t\u00e4yt\u00e4 vaaditut kent\u00e4t ja valitse sopiva toimitustapa. Maksun suuruus, joka voidaan maksaa pankkilinkin tai muun maksuratkaisun kautta, n\u00e4kyy sitten n\u00e4yt\u00f6ll\u00e4.<\/p>\n<p dir=\"ltr\" data-placeholder=\"Translation\"><strong>Muut ehdot<br \/>\n<\/strong><\/p>\n<p>Asioihin, joita ei ole erikseen sovittu t\u00e4m\u00e4n sopimuksen ehtojen mukaisesti, sovelletaan Viron tasavallassa voimassa olevaa lains\u00e4\u00e4d\u00e4nt\u00f6\u00e4;<\/p>\n<p id=\"tw-target-text\" dir=\"ltr\" data-placeholder=\"Translation\">Kuluttajan ja Tekstiilipood.ee:n v\u00e4lill\u00e4 syntyneet erimielisyydet, jotka liittyv\u00e4t Tekstiilipood.ee:n tuotteiden ostamiseen, ratkaistaan \u200b\u200bneuvotteluteitse. Jos sopimukseen ei p\u00e4\u00e4st\u00e4, kuluttajalla on oikeus hakea oikeuksiaan kuluttajansuojalautakunnalta tai tuomioistuimelta. Tekstiilipood.ee toimii asiakkaan eduksi ja parhaassa uskossa, joten toivottavasti p\u00e4\u00e4semme sopimukseen tilanteen ratkaisemisesta.<\/p>\n<pre id=\"tw-target-text\" dir=\"ltr\" data-placeholder=\"Translation\">Jos sinulla on kysytt\u00e4v\u00e4\u00e4, l\u00e4het\u00e4 mainituun s\u00e4hk\u00f6postiin kysymyksesi: <a href=\"mailto:info@tekstiilipood.ee\">info@tekstiilipood.ee<\/a>\n<\/pre>\n<\/li>\n<\/ul>\n","protected":false},"excerpt":{"rendered":"<p>Tekstiilipood.ee Verkkokauppaa yll\u00e4pit\u00e4\u00e4 Micorcam O\u00dc ( Viron y-tunnus 12914395, osoite K\u00e4o 52B, Tallinn, Harjumaa 11311). Tekstiilipood on liinavaatteiden, froteekankaan, kotitekstiilin ja sen kaltaisten tuotteiden myyv\u00e4 verkkokauppa. Myyntiehdot on voimassa Tekstiilipood.ee verkkokaupasta ostavan (t\u00e4stedesp\u00e4in k\u00e4ytt\u00e4j\u00e4) ja yritys Microcam O\u00dc (t\u00e4stedesp\u00e4in Tekstiilipood.ee) tilausvahvistuksen mukaisen maksettavan summan vastaanottamisesta Microcam O\u00dc:n k\u00e4ytt\u00f6tilille. Tekstiilipood.ee pid\u00e4tt\u00e4\u00e4 oikeuden tehd\u00e4 muutoksia myyntiehtoihin. Tilauksen [&hellip;]<\/p>\n","protected":false},"author":2,"featured_media":0,"parent":0,"menu_order":0,"comment_status":"closed","ping_status":"closed","template":"","meta":{"_gspb_post_css":"","footnotes":""},"class_list":["post-5799","page","type-page","status-publish","hentry"],"blocksy_meta":{"styles_descriptor":{"styles":{"desktop":"","tablet":"","mobile":""},"google_fonts":[],"version":6}},"_links":{"self":[{"href":"https:\/\/tekstiilipood.ee\/fi\/wp-json\/wp\/v2\/pages\/5799","targetHints":{"allow":["GET"]}}],"collection":[{"href":"https:\/\/tekstiilipood.ee\/fi\/wp-json\/wp\/v2\/pages"}],"about":[{"href":"https:\/\/tekstiilipood.ee\/fi\/wp-json\/wp\/v2\/types\/page"}],"author":[{"embeddable":true,"href":"https:\/\/tekstiilipood.ee\/fi\/wp-json\/wp\/v2\/users\/2"}],"replies":[{"embeddable":true,"href":"https:\/\/tekstiilipood.ee\/fi\/wp-json\/wp\/v2\/comments?post=5799"}],"version-history":[{"count":0,"href":"https:\/\/tekstiilipood.ee\/fi\/wp-json\/wp\/v2\/pages\/5799\/revisions"}],"wp:attachment":[{"href":"https:\/\/tekstiilipood.ee\/fi\/wp-json\/wp\/v2\/media?parent=5799"}],"curies":[{"name":"wp","href":"https:\/\/api.w.org\/{rel}","templated":true}]}}