{"id":5266,"date":"2021-02-25T23:12:40","date_gmt":"2021-02-25T21:12:40","guid":{"rendered":"https:\/\/tekstiilipood.ee\/kayttajatili\/"},"modified":"2021-02-25T23:12:40","modified_gmt":"2021-02-25T21:12:40","slug":"kayttajatili","status":"publish","type":"page","link":"https:\/\/tekstiilipood.ee\/fi\/kayttajatili\/","title":{"rendered":"K\u00e4ytt\u00e4j\u00e4tili"},"content":{"rendered":"<div class=\"woocommerce ct-woo-unauthorized\"><\/div>\n","protected":false},"excerpt":{"rendered":"","protected":false},"author":2,"featured_media":0,"parent":0,"menu_order":0,"comment_status":"closed","ping_status":"closed","template":"","meta":{"_gspb_post_css":"","footnotes":""},"class_list":["post-5266","page","type-page","status-publish","hentry"],"blocksy_meta":{"styles_descriptor":{"styles":{"desktop":"","tablet":"","mobile":""},"google_fonts":[],"version":6}},"_links":{"self":[{"href":"https:\/\/tekstiilipood.ee\/fi\/wp-json\/wp\/v2\/pages\/5266","targetHints":{"allow":["GET"]}}],"collection":[{"href":"https:\/\/tekstiilipood.ee\/fi\/wp-json\/wp\/v2\/pages"}],"about":[{"href":"https:\/\/tekstiilipood.ee\/fi\/wp-json\/wp\/v2\/types\/page"}],"author":[{"embeddable":true,"href":"https:\/\/tekstiilipood.ee\/fi\/wp-json\/wp\/v2\/users\/2"}],"replies":[{"embeddable":true,"href":"https:\/\/tekstiilipood.ee\/fi\/wp-json\/wp\/v2\/comments?post=5266"}],"version-history":[{"count":0,"href":"https:\/\/tekstiilipood.ee\/fi\/wp-json\/wp\/v2\/pages\/5266\/revisions"}],"wp:attachment":[{"href":"https:\/\/tekstiilipood.ee\/fi\/wp-json\/wp\/v2\/media?parent=5266"}],"curies":[{"name":"wp","href":"https:\/\/api.w.org\/{rel}","templated":true}]}}